{"id":1072,"date":"2019-12-30T17:47:23","date_gmt":"2019-12-30T16:47:23","guid":{"rendered":"http:\/\/meaux-gymnastique.fr\/?page_id=1072"},"modified":"2020-01-05T11:16:33","modified_gmt":"2020-01-05T10:16:33","slug":"2013-2014","status":"publish","type":"page","link":"https:\/\/meaux-gymnastique.fr\/index.php\/2013-2014\/","title":{"rendered":"2013-2014"},"content":{"rendered":"\n<h2 class=\"wp-block-heading\">Archives 2013-2014<\/h2>\n\n\n\n<h2 class=\"wp-block-heading\">Gala du 21 juin 2014<\/h2>\n\n\n\n<figure class=\"wp-block-image size-large\"><img fetchpriority=\"high\" decoding=\"async\" width=\"803\" height=\"730\" src=\"http:\/\/meaux-gymnastique.fr\/wp-content\/uploads\/2019\/12\/2014_06_21_depart_de_delphine.jpg\" alt=\"\" class=\"wp-image-1097\" srcset=\"https:\/\/meaux-gymnastique.fr\/wp-content\/uploads\/2019\/12\/2014_06_21_depart_de_delphine.jpg 803w, https:\/\/meaux-gymnastique.fr\/wp-content\/uploads\/2019\/12\/2014_06_21_depart_de_delphine-300x273.jpg 300w, https:\/\/meaux-gymnastique.fr\/wp-content\/uploads\/2019\/12\/2014_06_21_depart_de_delphine-768x698.jpg 768w\" sizes=\"(max-width: 803px) 100vw, 803px\" \/><\/figure>\n\n\n<p style=\"text-align: center;\">Photos du gala<\/p>\n<p><a href=\"https:\/\/photos.app.goo.gl\/wkGoPnSWfQZz4mgBA\" target=\"_blank\" rel=\"noopener noreferrer\"><img decoding=\"async\" class=\"aligncenter wp-image-207 size-medium\" src=\"http:\/\/meaux-gymnastique.fr\/wp-content\/uploads\/Ic\u00f4nes\/CliquerICI-300x139.jpg\" alt=\"\" width=\"300\" height=\"139\" srcset=\"https:\/\/meaux-gymnastique.fr\/wp-content\/uploads\/Ic\u00f4nes\/CliquerICI-300x139.jpg 300w, https:\/\/meaux-gymnastique.fr\/wp-content\/uploads\/Ic\u00f4nes\/CliquerICI.jpg 330w\" sizes=\"(max-width: 300px) 100vw, 300px\" \/><\/a><\/p>\n\n\n<h2 class=\"wp-block-heading\">No\u00ebl chez la petite enfance les 17,18 et 21 d\u00e9cembre 2013<\/h2>\n\n\n\n<div class=\"wp-block-jetpack-slideshow aligncenter\" data-effect=\"slide\"><div class=\"wp-block-jetpack-slideshow_container swiper-container\"><ul class=\"wp-block-jetpack-slideshow_swiper-wrapper swiper-wrapper\"><li class=\"wp-block-jetpack-slideshow_slide swiper-slide\"><figure><img decoding=\"async\" width=\"1024\" height=\"683\" alt=\"\" class=\"wp-block-jetpack-slideshow_image wp-image-1094\" data-id=\"1094\" src=\"http:\/\/meaux-gymnastique.fr\/wp-content\/uploads\/2019\/12\/2013_12_18_15h54-1024x683.jpg\" srcset=\"https:\/\/meaux-gymnastique.fr\/wp-content\/uploads\/2019\/12\/2013_12_18_15h54-1024x683.jpg 1024w, https:\/\/meaux-gymnastique.fr\/wp-content\/uploads\/2019\/12\/2013_12_18_15h54-300x200.jpg 300w, https:\/\/meaux-gymnastique.fr\/wp-content\/uploads\/2019\/12\/2013_12_18_15h54-768x512.jpg 768w, https:\/\/meaux-gymnastique.fr\/wp-content\/uploads\/2019\/12\/2013_12_18_15h54-1536x1024.jpg 1536w, https:\/\/meaux-gymnastique.fr\/wp-content\/uploads\/2019\/12\/2013_12_18_15h54-2048x1365.jpg 2048w\" sizes=\"(max-width: 1024px) 100vw, 1024px\" \/><\/figure><\/li><li class=\"wp-block-jetpack-slideshow_slide swiper-slide\"><figure><img loading=\"lazy\" decoding=\"async\" width=\"1024\" height=\"608\" alt=\"\" class=\"wp-block-jetpack-slideshow_image wp-image-1093\" data-id=\"1093\" src=\"http:\/\/meaux-gymnastique.fr\/wp-content\/uploads\/2019\/12\/2013_12_18_15h09-1024x608.jpg\" srcset=\"https:\/\/meaux-gymnastique.fr\/wp-content\/uploads\/2019\/12\/2013_12_18_15h09-1024x608.jpg 1024w, https:\/\/meaux-gymnastique.fr\/wp-content\/uploads\/2019\/12\/2013_12_18_15h09-300x178.jpg 300w, https:\/\/meaux-gymnastique.fr\/wp-content\/uploads\/2019\/12\/2013_12_18_15h09-768x456.jpg 768w, https:\/\/meaux-gymnastique.fr\/wp-content\/uploads\/2019\/12\/2013_12_18_15h09-1536x912.jpg 1536w, https:\/\/meaux-gymnastique.fr\/wp-content\/uploads\/2019\/12\/2013_12_18_15h09-2048x1216.jpg 2048w\" sizes=\"(max-width: 1024px) 100vw, 1024px\" \/><\/figure><\/li><li class=\"wp-block-jetpack-slideshow_slide swiper-slide\"><figure><img loading=\"lazy\" decoding=\"async\" width=\"1024\" height=\"683\" alt=\"\" class=\"wp-block-jetpack-slideshow_image wp-image-1092\" data-id=\"1092\" src=\"http:\/\/meaux-gymnastique.fr\/wp-content\/uploads\/2019\/12\/2013_12_18_15h06-1024x683.jpg\" srcset=\"https:\/\/meaux-gymnastique.fr\/wp-content\/uploads\/2019\/12\/2013_12_18_15h06-1024x683.jpg 1024w, https:\/\/meaux-gymnastique.fr\/wp-content\/uploads\/2019\/12\/2013_12_18_15h06-300x200.jpg 300w, https:\/\/meaux-gymnastique.fr\/wp-content\/uploads\/2019\/12\/2013_12_18_15h06-768x512.jpg 768w, https:\/\/meaux-gymnastique.fr\/wp-content\/uploads\/2019\/12\/2013_12_18_15h06-1536x1024.jpg 1536w, https:\/\/meaux-gymnastique.fr\/wp-content\/uploads\/2019\/12\/2013_12_18_15h06-2048x1365.jpg 2048w\" sizes=\"(max-width: 1024px) 100vw, 1024px\" \/><\/figure><\/li><li class=\"wp-block-jetpack-slideshow_slide swiper-slide\"><figure><img loading=\"lazy\" decoding=\"async\" width=\"1024\" height=\"768\" alt=\"\" class=\"wp-block-jetpack-slideshow_image wp-image-1095\" data-id=\"1095\" src=\"http:\/\/meaux-gymnastique.fr\/wp-content\/uploads\/2019\/12\/2013_12_21_10h45-1024x768.jpg\" srcset=\"https:\/\/meaux-gymnastique.fr\/wp-content\/uploads\/2019\/12\/2013_12_21_10h45-1024x768.jpg 1024w, https:\/\/meaux-gymnastique.fr\/wp-content\/uploads\/2019\/12\/2013_12_21_10h45-300x225.jpg 300w, https:\/\/meaux-gymnastique.fr\/wp-content\/uploads\/2019\/12\/2013_12_21_10h45-768x576.jpg 768w, https:\/\/meaux-gymnastique.fr\/wp-content\/uploads\/2019\/12\/2013_12_21_10h45-1536x1152.jpg 1536w, https:\/\/meaux-gymnastique.fr\/wp-content\/uploads\/2019\/12\/2013_12_21_10h45.jpg 1920w\" sizes=\"(max-width: 1024px) 100vw, 1024px\" \/><\/figure><\/li><li class=\"wp-block-jetpack-slideshow_slide swiper-slide\"><figure><img loading=\"lazy\" decoding=\"async\" width=\"784\" height=\"694\" alt=\"\" class=\"wp-block-jetpack-slideshow_image wp-image-1096\" data-id=\"1096\" src=\"http:\/\/meaux-gymnastique.fr\/wp-content\/uploads\/2019\/12\/2013_12_joyeux_noel.jpg\" srcset=\"https:\/\/meaux-gymnastique.fr\/wp-content\/uploads\/2019\/12\/2013_12_joyeux_noel.jpg 784w, https:\/\/meaux-gymnastique.fr\/wp-content\/uploads\/2019\/12\/2013_12_joyeux_noel-300x266.jpg 300w, https:\/\/meaux-gymnastique.fr\/wp-content\/uploads\/2019\/12\/2013_12_joyeux_noel-768x680.jpg 768w\" sizes=\"(max-width: 784px) 100vw, 784px\" \/><\/figure><\/li><li class=\"wp-block-jetpack-slideshow_slide swiper-slide\"><figure><img loading=\"lazy\" decoding=\"async\" width=\"1000\" height=\"750\" alt=\"\" class=\"wp-block-jetpack-slideshow_image wp-image-1074\" data-id=\"1074\" src=\"http:\/\/meaux-gymnastique.fr\/wp-content\/uploads\/2019\/12\/2012_12_21_10h10.jpg\" srcset=\"https:\/\/meaux-gymnastique.fr\/wp-content\/uploads\/2019\/12\/2012_12_21_10h10.jpg 1000w, https:\/\/meaux-gymnastique.fr\/wp-content\/uploads\/2019\/12\/2012_12_21_10h10-300x225.jpg 300w, https:\/\/meaux-gymnastique.fr\/wp-content\/uploads\/2019\/12\/2012_12_21_10h10-768x576.jpg 768w\" sizes=\"(max-width: 1000px) 100vw, 1000px\" \/><\/figure><\/li><\/ul><a class=\"wp-block-jetpack-slideshow_button-prev swiper-button-prev swiper-button-white\" role=\"button\"><\/a><a class=\"wp-block-jetpack-slideshow_button-next swiper-button-next swiper-button-white\" role=\"button\"><\/a><a aria-label=\"Pause Slideshow\" class=\"wp-block-jetpack-slideshow_button-pause\" role=\"button\"><\/a><div class=\"wp-block-jetpack-slideshow_pagination swiper-pagination swiper-pagination-white\"><\/div><\/div><\/div>\n\n\n\n<h2 class=\"wp-block-heading\">Test des poussines qui s&rsquo;est d\u00e9roul\u00e9 le 27 novembre 2013 \u00e0 la salle Langlois du Gymnase Taulier \u00e0 Meaux<\/h2>\n\n\n\n<div class=\"wp-block-jetpack-slideshow aligncenter\" data-effect=\"slide\"><div class=\"wp-block-jetpack-slideshow_container swiper-container\"><ul class=\"wp-block-jetpack-slideshow_swiper-wrapper swiper-wrapper\"><li class=\"wp-block-jetpack-slideshow_slide swiper-slide\"><figure><img loading=\"lazy\" decoding=\"async\" width=\"648\" height=\"484\" alt=\"\" class=\"wp-block-jetpack-slideshow_image wp-image-1083\" data-id=\"1083\" src=\"http:\/\/meaux-gymnastique.fr\/wp-content\/uploads\/2019\/12\/2013_11_27_9.jpg\" srcset=\"https:\/\/meaux-gymnastique.fr\/wp-content\/uploads\/2019\/12\/2013_11_27_9.jpg 648w, https:\/\/meaux-gymnastique.fr\/wp-content\/uploads\/2019\/12\/2013_11_27_9-300x224.jpg 300w\" sizes=\"(max-width: 648px) 100vw, 648px\" \/><\/figure><\/li><li class=\"wp-block-jetpack-slideshow_slide swiper-slide\"><figure><img loading=\"lazy\" decoding=\"async\" width=\"648\" height=\"484\" alt=\"\" class=\"wp-block-jetpack-slideshow_image wp-image-1082\" data-id=\"1082\" src=\"http:\/\/meaux-gymnastique.fr\/wp-content\/uploads\/2019\/12\/2013_11_27_8.jpg\" srcset=\"https:\/\/meaux-gymnastique.fr\/wp-content\/uploads\/2019\/12\/2013_11_27_8.jpg 648w, https:\/\/meaux-gymnastique.fr\/wp-content\/uploads\/2019\/12\/2013_11_27_8-300x224.jpg 300w\" sizes=\"(max-width: 648px) 100vw, 648px\" \/><\/figure><\/li><li class=\"wp-block-jetpack-slideshow_slide swiper-slide\"><figure><img loading=\"lazy\" decoding=\"async\" width=\"648\" height=\"484\" alt=\"\" class=\"wp-block-jetpack-slideshow_image wp-image-1081\" data-id=\"1081\" src=\"http:\/\/meaux-gymnastique.fr\/wp-content\/uploads\/2019\/12\/2013_11_27_7.jpg\" srcset=\"https:\/\/meaux-gymnastique.fr\/wp-content\/uploads\/2019\/12\/2013_11_27_7.jpg 648w, https:\/\/meaux-gymnastique.fr\/wp-content\/uploads\/2019\/12\/2013_11_27_7-300x224.jpg 300w\" sizes=\"(max-width: 648px) 100vw, 648px\" \/><\/figure><\/li><li class=\"wp-block-jetpack-slideshow_slide swiper-slide\"><figure><img loading=\"lazy\" decoding=\"async\" width=\"648\" height=\"484\" alt=\"\" class=\"wp-block-jetpack-slideshow_image wp-image-1080\" data-id=\"1080\" src=\"http:\/\/meaux-gymnastique.fr\/wp-content\/uploads\/2019\/12\/2013_11_27_6.jpg\" srcset=\"https:\/\/meaux-gymnastique.fr\/wp-content\/uploads\/2019\/12\/2013_11_27_6.jpg 648w, https:\/\/meaux-gymnastique.fr\/wp-content\/uploads\/2019\/12\/2013_11_27_6-300x224.jpg 300w\" sizes=\"(max-width: 648px) 100vw, 648px\" \/><\/figure><\/li><li class=\"wp-block-jetpack-slideshow_slide swiper-slide\"><figure><img loading=\"lazy\" decoding=\"async\" width=\"648\" height=\"484\" alt=\"\" class=\"wp-block-jetpack-slideshow_image wp-image-1079\" data-id=\"1079\" src=\"http:\/\/meaux-gymnastique.fr\/wp-content\/uploads\/2019\/12\/2013_11_27_5.jpg\" srcset=\"https:\/\/meaux-gymnastique.fr\/wp-content\/uploads\/2019\/12\/2013_11_27_5.jpg 648w, https:\/\/meaux-gymnastique.fr\/wp-content\/uploads\/2019\/12\/2013_11_27_5-300x224.jpg 300w\" sizes=\"(max-width: 648px) 100vw, 648px\" \/><\/figure><\/li><li class=\"wp-block-jetpack-slideshow_slide swiper-slide\"><figure><img loading=\"lazy\" decoding=\"async\" width=\"1000\" height=\"747\" alt=\"\" class=\"wp-block-jetpack-slideshow_image wp-image-1078\" data-id=\"1078\" src=\"http:\/\/meaux-gymnastique.fr\/wp-content\/uploads\/2019\/12\/2013_11_27_4.jpg\" srcset=\"https:\/\/meaux-gymnastique.fr\/wp-content\/uploads\/2019\/12\/2013_11_27_4.jpg 1000w, https:\/\/meaux-gymnastique.fr\/wp-content\/uploads\/2019\/12\/2013_11_27_4-300x224.jpg 300w, https:\/\/meaux-gymnastique.fr\/wp-content\/uploads\/2019\/12\/2013_11_27_4-768x574.jpg 768w\" sizes=\"(max-width: 1000px) 100vw, 1000px\" \/><\/figure><\/li><li class=\"wp-block-jetpack-slideshow_slide swiper-slide\"><figure><img loading=\"lazy\" decoding=\"async\" width=\"1000\" height=\"747\" alt=\"\" class=\"wp-block-jetpack-slideshow_image wp-image-1077\" data-id=\"1077\" src=\"http:\/\/meaux-gymnastique.fr\/wp-content\/uploads\/2019\/12\/2013_11_27_3.jpg\" srcset=\"https:\/\/meaux-gymnastique.fr\/wp-content\/uploads\/2019\/12\/2013_11_27_3.jpg 1000w, https:\/\/meaux-gymnastique.fr\/wp-content\/uploads\/2019\/12\/2013_11_27_3-300x224.jpg 300w, https:\/\/meaux-gymnastique.fr\/wp-content\/uploads\/2019\/12\/2013_11_27_3-768x574.jpg 768w\" sizes=\"(max-width: 1000px) 100vw, 1000px\" \/><\/figure><\/li><li class=\"wp-block-jetpack-slideshow_slide swiper-slide\"><figure><img loading=\"lazy\" decoding=\"async\" width=\"1000\" height=\"747\" alt=\"\" class=\"wp-block-jetpack-slideshow_image wp-image-1076\" data-id=\"1076\" src=\"http:\/\/meaux-gymnastique.fr\/wp-content\/uploads\/2019\/12\/2013_11_27_2.jpg\" srcset=\"https:\/\/meaux-gymnastique.fr\/wp-content\/uploads\/2019\/12\/2013_11_27_2.jpg 1000w, https:\/\/meaux-gymnastique.fr\/wp-content\/uploads\/2019\/12\/2013_11_27_2-300x224.jpg 300w, https:\/\/meaux-gymnastique.fr\/wp-content\/uploads\/2019\/12\/2013_11_27_2-768x574.jpg 768w\" sizes=\"(max-width: 1000px) 100vw, 1000px\" \/><\/figure><\/li><li class=\"wp-block-jetpack-slideshow_slide swiper-slide\"><figure><img loading=\"lazy\" decoding=\"async\" width=\"1000\" height=\"747\" alt=\"\" class=\"wp-block-jetpack-slideshow_image wp-image-1075\" data-id=\"1075\" src=\"http:\/\/meaux-gymnastique.fr\/wp-content\/uploads\/2019\/12\/2013_11_27_1.jpg\" srcset=\"https:\/\/meaux-gymnastique.fr\/wp-content\/uploads\/2019\/12\/2013_11_27_1.jpg 1000w, https:\/\/meaux-gymnastique.fr\/wp-content\/uploads\/2019\/12\/2013_11_27_1-300x224.jpg 300w, https:\/\/meaux-gymnastique.fr\/wp-content\/uploads\/2019\/12\/2013_11_27_1-768x574.jpg 768w\" sizes=\"(max-width: 1000px) 100vw, 1000px\" \/><\/figure><\/li><\/ul><a class=\"wp-block-jetpack-slideshow_button-prev swiper-button-prev swiper-button-white\" role=\"button\"><\/a><a class=\"wp-block-jetpack-slideshow_button-next swiper-button-next swiper-button-white\" role=\"button\"><\/a><a aria-label=\"Pause Slideshow\" class=\"wp-block-jetpack-slideshow_button-pause\" role=\"button\"><\/a><div class=\"wp-block-jetpack-slideshow_pagination swiper-pagination swiper-pagination-white\"><\/div><\/div><\/div>\n\n\n\n<h2 class=\"wp-block-heading\">INTERCO du 23 novembre \u00e0 Mouilleron le Captif<\/h2>\n\n\n\n<div class=\"wp-block-jetpack-slideshow aligncenter\" data-effect=\"slide\"><div class=\"wp-block-jetpack-slideshow_container swiper-container\"><ul class=\"wp-block-jetpack-slideshow_swiper-wrapper swiper-wrapper\"><li class=\"wp-block-jetpack-slideshow_slide swiper-slide\"><figure><img loading=\"lazy\" decoding=\"async\" width=\"359\" height=\"585\" alt=\"\" class=\"wp-block-jetpack-slideshow_image wp-image-1087\" data-id=\"1087\" src=\"http:\/\/meaux-gymnastique.fr\/wp-content\/uploads\/2019\/12\/2013_11_podium_gaf_crifma.jpg\" srcset=\"https:\/\/meaux-gymnastique.fr\/wp-content\/uploads\/2019\/12\/2013_11_podium_gaf_crifma.jpg 359w, https:\/\/meaux-gymnastique.fr\/wp-content\/uploads\/2019\/12\/2013_11_podium_gaf_crifma-184x300.jpg 184w\" sizes=\"(max-width: 359px) 100vw, 359px\" \/><\/figure><\/li><li class=\"wp-block-jetpack-slideshow_slide swiper-slide\"><figure><img loading=\"lazy\" decoding=\"async\" width=\"667\" height=\"1000\" alt=\"\" class=\"wp-block-jetpack-slideshow_image wp-image-1084\" data-id=\"1084\" src=\"http:\/\/meaux-gymnastique.fr\/wp-content\/uploads\/2019\/12\/2013_11_interco_1.jpg\" srcset=\"https:\/\/meaux-gymnastique.fr\/wp-content\/uploads\/2019\/12\/2013_11_interco_1.jpg 667w, https:\/\/meaux-gymnastique.fr\/wp-content\/uploads\/2019\/12\/2013_11_interco_1-200x300.jpg 200w\" sizes=\"(max-width: 667px) 100vw, 667px\" \/><\/figure><\/li><li class=\"wp-block-jetpack-slideshow_slide swiper-slide\"><figure><img loading=\"lazy\" decoding=\"async\" width=\"750\" height=\"500\" alt=\"\" class=\"wp-block-jetpack-slideshow_image wp-image-1085\" data-id=\"1085\" src=\"http:\/\/meaux-gymnastique.fr\/wp-content\/uploads\/2019\/12\/2013_11_interco_2.jpg\" srcset=\"https:\/\/meaux-gymnastique.fr\/wp-content\/uploads\/2019\/12\/2013_11_interco_2.jpg 750w, https:\/\/meaux-gymnastique.fr\/wp-content\/uploads\/2019\/12\/2013_11_interco_2-300x200.jpg 300w\" sizes=\"(max-width: 750px) 100vw, 750px\" \/><\/figure><\/li><li class=\"wp-block-jetpack-slideshow_slide swiper-slide\"><figure><img loading=\"lazy\" decoding=\"async\" width=\"515\" height=\"563\" alt=\"\" class=\"wp-block-jetpack-slideshow_image wp-image-1086\" data-id=\"1086\" src=\"http:\/\/meaux-gymnastique.fr\/wp-content\/uploads\/2019\/12\/2013_11_interco_3.jpg\" srcset=\"https:\/\/meaux-gymnastique.fr\/wp-content\/uploads\/2019\/12\/2013_11_interco_3.jpg 515w, https:\/\/meaux-gymnastique.fr\/wp-content\/uploads\/2019\/12\/2013_11_interco_3-274x300.jpg 274w\" sizes=\"(max-width: 515px) 100vw, 515px\" \/><\/figure><\/li><\/ul><a class=\"wp-block-jetpack-slideshow_button-prev swiper-button-prev swiper-button-white\" role=\"button\"><\/a><a class=\"wp-block-jetpack-slideshow_button-next swiper-button-next swiper-button-white\" role=\"button\"><\/a><a aria-label=\"Pause Slideshow\" class=\"wp-block-jetpack-slideshow_button-pause\" role=\"button\"><\/a><div class=\"wp-block-jetpack-slideshow_pagination swiper-pagination swiper-pagination-white\"><\/div><\/div><\/div>\n\n\n\n<h2 class=\"wp-block-heading\">Assembl\u00e9e G\u00e9n\u00e9rale du 6 d\u00e9cembre 2013<\/h2>\n\n\n\n<div class=\"wp-block-jetpack-slideshow aligncenter\" data-effect=\"slide\"><div class=\"wp-block-jetpack-slideshow_container swiper-container\"><ul class=\"wp-block-jetpack-slideshow_swiper-wrapper swiper-wrapper\"><li class=\"wp-block-jetpack-slideshow_slide swiper-slide\"><figure><img loading=\"lazy\" decoding=\"async\" width=\"648\" height=\"486\" alt=\"\" class=\"wp-block-jetpack-slideshow_image wp-image-1090\" data-id=\"1090\" src=\"http:\/\/meaux-gymnastique.fr\/wp-content\/uploads\/2019\/12\/2013_12_06_ag_3.jpg\" srcset=\"https:\/\/meaux-gymnastique.fr\/wp-content\/uploads\/2019\/12\/2013_12_06_ag_3.jpg 648w, https:\/\/meaux-gymnastique.fr\/wp-content\/uploads\/2019\/12\/2013_12_06_ag_3-300x225.jpg 300w\" sizes=\"(max-width: 648px) 100vw, 648px\" \/><\/figure><\/li><li class=\"wp-block-jetpack-slideshow_slide swiper-slide\"><figure><img loading=\"lazy\" decoding=\"async\" width=\"648\" height=\"486\" alt=\"\" class=\"wp-block-jetpack-slideshow_image wp-image-1089\" data-id=\"1089\" src=\"http:\/\/meaux-gymnastique.fr\/wp-content\/uploads\/2019\/12\/2013_12_06_ag_2.jpg\" srcset=\"https:\/\/meaux-gymnastique.fr\/wp-content\/uploads\/2019\/12\/2013_12_06_ag_2.jpg 648w, https:\/\/meaux-gymnastique.fr\/wp-content\/uploads\/2019\/12\/2013_12_06_ag_2-300x225.jpg 300w\" sizes=\"(max-width: 648px) 100vw, 648px\" \/><figcaption class=\"wp-block-jetpack-slideshow_caption gallery-caption\">Pr\u00e9sence de Christian Allard<\/figcaption><\/figure><\/li><li class=\"wp-block-jetpack-slideshow_slide swiper-slide\"><figure><img loading=\"lazy\" decoding=\"async\" width=\"469\" height=\"352\" alt=\"\" class=\"wp-block-jetpack-slideshow_image wp-image-1091\" data-id=\"1091\" src=\"http:\/\/meaux-gymnastique.fr\/wp-content\/uploads\/2019\/12\/2013_12_06_ag_4.jpg\" srcset=\"https:\/\/meaux-gymnastique.fr\/wp-content\/uploads\/2019\/12\/2013_12_06_ag_4.jpg 469w, https:\/\/meaux-gymnastique.fr\/wp-content\/uploads\/2019\/12\/2013_12_06_ag_4-300x225.jpg 300w\" sizes=\"(max-width: 469px) 100vw, 469px\" \/><\/figure><\/li><li class=\"wp-block-jetpack-slideshow_slide swiper-slide\"><figure><img loading=\"lazy\" decoding=\"async\" width=\"1024\" height=\"394\" alt=\"\" class=\"wp-block-jetpack-slideshow_image wp-image-1088\" data-id=\"1088\" src=\"http:\/\/meaux-gymnastique.fr\/wp-content\/uploads\/2019\/12\/2013_12_06_ag_1-1024x394.jpg\" srcset=\"https:\/\/meaux-gymnastique.fr\/wp-content\/uploads\/2019\/12\/2013_12_06_ag_1-1024x394.jpg 1024w, https:\/\/meaux-gymnastique.fr\/wp-content\/uploads\/2019\/12\/2013_12_06_ag_1-300x116.jpg 300w, https:\/\/meaux-gymnastique.fr\/wp-content\/uploads\/2019\/12\/2013_12_06_ag_1-768x296.jpg 768w, https:\/\/meaux-gymnastique.fr\/wp-content\/uploads\/2019\/12\/2013_12_06_ag_1-1536x592.jpg 1536w, https:\/\/meaux-gymnastique.fr\/wp-content\/uploads\/2019\/12\/2013_12_06_ag_1-2048x789.jpg 2048w\" sizes=\"(max-width: 1024px) 100vw, 1024px\" \/><figcaption class=\"wp-block-jetpack-slideshow_caption gallery-caption\">Des participants attentifs<\/figcaption><\/figure><\/li><\/ul><a class=\"wp-block-jetpack-slideshow_button-prev swiper-button-prev swiper-button-white\" role=\"button\"><\/a><a class=\"wp-block-jetpack-slideshow_button-next swiper-button-next swiper-button-white\" role=\"button\"><\/a><a aria-label=\"Pause Slideshow\" class=\"wp-block-jetpack-slideshow_button-pause\" role=\"button\"><\/a><div class=\"wp-block-jetpack-slideshow_pagination swiper-pagination swiper-pagination-white\"><\/div><\/div><\/div>\n","protected":false},"excerpt":{"rendered":"<p>Archives 2013-2014 Gala du 21 juin 2014 Photos du gala No\u00ebl chez la petite enfance les 17,18 et 21 d\u00e9cembre<\/p>\n","protected":false},"author":1,"featured_media":0,"parent":0,"menu_order":0,"comment_status":"closed","ping_status":"closed","template":"","meta":{"colormag_page_container_layout":"no_sidebar_full_width","colormag_page_sidebar_layout":"no_sidebar","jetpack_post_was_ever_published":false,"footnotes":""},"class_list":["post-1072","page","type-page","status-publish","hentry"],"jetpack_sharing_enabled":true,"_links":{"self":[{"href":"https:\/\/meaux-gymnastique.fr\/index.php\/wp-json\/wp\/v2\/pages\/1072","targetHints":{"allow":["GET"]}}],"collection":[{"href":"https:\/\/meaux-gymnastique.fr\/index.php\/wp-json\/wp\/v2\/pages"}],"about":[{"href":"https:\/\/meaux-gymnastique.fr\/index.php\/wp-json\/wp\/v2\/types\/page"}],"author":[{"embeddable":true,"href":"https:\/\/meaux-gymnastique.fr\/index.php\/wp-json\/wp\/v2\/users\/1"}],"replies":[{"embeddable":true,"href":"https:\/\/meaux-gymnastique.fr\/index.php\/wp-json\/wp\/v2\/comments?post=1072"}],"version-history":[{"count":7,"href":"https:\/\/meaux-gymnastique.fr\/index.php\/wp-json\/wp\/v2\/pages\/1072\/revisions"}],"predecessor-version":[{"id":1194,"href":"https:\/\/meaux-gymnastique.fr\/index.php\/wp-json\/wp\/v2\/pages\/1072\/revisions\/1194"}],"wp:attachment":[{"href":"https:\/\/meaux-gymnastique.fr\/index.php\/wp-json\/wp\/v2\/media?parent=1072"}],"curies":[{"name":"wp","href":"https:\/\/api.w.org\/{rel}","templated":true}]}}