{"id":1296,"date":"2020-01-21T16:02:45","date_gmt":"2020-01-21T15:02:45","guid":{"rendered":"https:\/\/meaux-gymnastique.fr\/?page_id=1296"},"modified":"2020-02-10T16:49:16","modified_gmt":"2020-02-10T15:49:16","slug":"2010-2011","status":"publish","type":"page","link":"https:\/\/meaux-gymnastique.fr\/index.php\/2010-2011\/","title":{"rendered":"2010 &#8211; 2011"},"content":{"rendered":"\n<h2 class=\"wp-block-heading\">D\u00e9part Emilie LEBLANC<\/h2>\n\n\n<p><a href=\"https:\/\/photos.app.goo.gl\/QvTCd1DCUHp6s8LUA\" target=\"_blank\" rel=\"noopener noreferrer\"><img decoding=\"async\" class=\"aligncenter wp-image-207 size-medium\" src=\"https:\/\/meaux-gymnastique.fr\/wp-content\/uploads\/Ic\u00f4nes\/CliquerICI-300x139.jpg\" alt=\"\" width=\"300\" height=\"139\" srcset=\"https:\/\/meaux-gymnastique.fr\/wp-content\/uploads\/Ic\u00f4nes\/CliquerICI-300x139.jpg 300w, https:\/\/meaux-gymnastique.fr\/wp-content\/uploads\/Ic\u00f4nes\/CliquerICI.jpg 330w\" sizes=\"(max-width: 300px) 100vw, 300px\" \/><\/a><\/p>\n\n\n<h2 class=\"wp-block-heading\">Gala Meaux Gymnastique 2011<\/h2>\n\n\n<p><a href=\"https:\/\/photos.app.goo.gl\/sYvos4A1xqxy78yu8\" target=\"_blank\" rel=\"noopener noreferrer\"><img decoding=\"async\" class=\"aligncenter wp-image-207 size-medium\" src=\"https:\/\/meaux-gymnastique.fr\/wp-content\/uploads\/Ic\u00f4nes\/CliquerICI-300x139.jpg\" alt=\"\" width=\"300\" height=\"139\" srcset=\"https:\/\/meaux-gymnastique.fr\/wp-content\/uploads\/Ic\u00f4nes\/CliquerICI-300x139.jpg 300w, https:\/\/meaux-gymnastique.fr\/wp-content\/uploads\/Ic\u00f4nes\/CliquerICI.jpg 330w\" sizes=\"(max-width: 300px) 100vw, 300px\" \/><\/a><\/p>\n\n\n<h2 class=\"wp-block-heading\">Championnat de France DN3 \u00e0 DN8 et crit\u00e9rium &#8211; Cholet 2011<\/h2>\n\n\n<p><a href=\"https:\/\/photos.app.goo.gl\/7ePbMS2gJxGehscv9\" target=\"_blank\" rel=\"noopener noreferrer\"><img decoding=\"async\" class=\"aligncenter wp-image-207 size-medium\" src=\"https:\/\/meaux-gymnastique.fr\/wp-content\/uploads\/Ic\u00f4nes\/CliquerICI-300x139.jpg\" alt=\"\" width=\"300\" height=\"139\" srcset=\"https:\/\/meaux-gymnastique.fr\/wp-content\/uploads\/Ic\u00f4nes\/CliquerICI-300x139.jpg 300w, https:\/\/meaux-gymnastique.fr\/wp-content\/uploads\/Ic\u00f4nes\/CliquerICI.jpg 330w\" sizes=\"(max-width: 300px) 100vw, 300px\" \/><\/a><\/p>\n\n\n<h2 class=\"wp-block-heading\">Championnat de France DN1, DN2 et Elite &#8211; Toulouse 2011<\/h2>\n\n\n<p><a href=\"https:\/\/photos.app.goo.gl\/39ofcjw7ZCG6yrTU9\" target=\"_blank\" rel=\"noopener noreferrer\"><img decoding=\"async\" class=\"aligncenter wp-image-207 size-medium\" src=\"https:\/\/meaux-gymnastique.fr\/wp-content\/uploads\/Ic\u00f4nes\/CliquerICI-300x139.jpg\" alt=\"\" width=\"300\" height=\"139\" srcset=\"https:\/\/meaux-gymnastique.fr\/wp-content\/uploads\/Ic\u00f4nes\/CliquerICI-300x139.jpg 300w, https:\/\/meaux-gymnastique.fr\/wp-content\/uploads\/Ic\u00f4nes\/CliquerICI.jpg 330w\" sizes=\"(max-width: 300px) 100vw, 300px\" \/><\/a><\/p>\n\n\n<h2 class=\"wp-block-heading\">Championnat R\u00e9gional des circuits Educatifs &#8211; Paris &amp; Melun 21-22 mai 2011<\/h2>\n\n\n<p><a href=\"https:\/\/photos.app.goo.gl\/SdeGB8478XViJpef9\" target=\"_blank\" rel=\"noopener noreferrer\"><img decoding=\"async\" class=\"aligncenter wp-image-207 size-medium\" src=\"https:\/\/meaux-gymnastique.fr\/wp-content\/uploads\/Ic\u00f4nes\/CliquerICI-300x139.jpg\" alt=\"\" width=\"300\" height=\"139\" srcset=\"https:\/\/meaux-gymnastique.fr\/wp-content\/uploads\/Ic\u00f4nes\/CliquerICI-300x139.jpg 300w, https:\/\/meaux-gymnastique.fr\/wp-content\/uploads\/Ic\u00f4nes\/CliquerICI.jpg 330w\" sizes=\"(max-width: 300px) 100vw, 300px\" \/><\/a><\/p>\n\n\n<h2 class=\"wp-block-heading\">Championnat de France UNSS 2011 Lanester 10 au 13 mai 2011<\/h2>\n\n\n<p><a href=\"https:\/\/photos.app.goo.gl\/2igUvc9FEgjR9FK26\" target=\"_blank\" rel=\"noopener noreferrer\"><img decoding=\"async\" class=\"aligncenter wp-image-207 size-medium\" src=\"https:\/\/meaux-gymnastique.fr\/wp-content\/uploads\/Ic\u00f4nes\/CliquerICI-300x139.jpg\" alt=\"\" width=\"300\" height=\"139\" srcset=\"https:\/\/meaux-gymnastique.fr\/wp-content\/uploads\/Ic\u00f4nes\/CliquerICI-300x139.jpg 300w, https:\/\/meaux-gymnastique.fr\/wp-content\/uploads\/Ic\u00f4nes\/CliquerICI.jpg 330w\" sizes=\"(max-width: 300px) 100vw, 300px\" \/><\/a><\/p>\n\n\n<h2 class=\"wp-block-heading\">Championnat D\u00e9partemental de Division R\u00e9gionale Excellence 2011 &#8211; Roissy en Brie &#8211; 7 mai 2011<\/h2>\n\n\n<p><a href=\"https:\/\/photos.app.goo.gl\/SYHXrVMonp95vqx2A\" target=\"_blank\" rel=\"noopener noreferrer\"><img decoding=\"async\" class=\"aligncenter wp-image-207 size-medium\" src=\"https:\/\/meaux-gymnastique.fr\/wp-content\/uploads\/Ic\u00f4nes\/CliquerICI-300x139.jpg\" alt=\"\" width=\"300\" height=\"139\" srcset=\"https:\/\/meaux-gymnastique.fr\/wp-content\/uploads\/Ic\u00f4nes\/CliquerICI-300x139.jpg 300w, https:\/\/meaux-gymnastique.fr\/wp-content\/uploads\/Ic\u00f4nes\/CliquerICI.jpg 330w\" sizes=\"(max-width: 300px) 100vw, 300px\" \/><\/a><\/p>\n\n\n<h2 class=\"wp-block-heading\">1\/2 finale de Coupe de France &#8211; M\u00e9rignac &#8211; 16 avril 2011<\/h2>\n\n\n<p><a href=\"https:\/\/photos.app.goo.gl\/sDbwfH9poZBZYqMf7\" target=\"_blank\" rel=\"noopener noreferrer\"><img decoding=\"async\" class=\"aligncenter wp-image-207 size-medium\" src=\"https:\/\/meaux-gymnastique.fr\/wp-content\/uploads\/Ic\u00f4nes\/CliquerICI-300x139.jpg\" alt=\"\" width=\"300\" height=\"139\" srcset=\"https:\/\/meaux-gymnastique.fr\/wp-content\/uploads\/Ic\u00f4nes\/CliquerICI-300x139.jpg 300w, https:\/\/meaux-gymnastique.fr\/wp-content\/uploads\/Ic\u00f4nes\/CliquerICI.jpg 330w\" sizes=\"(max-width: 300px) 100vw, 300px\" \/><\/a><\/p>\n\n\n<h2 class=\"wp-block-heading\">Championnat de Zone des Individuelles &#8211; Combs la Ville &#8211; 26 et 27 mars 2011<\/h2>\n\n\n<p><a href=\"https:\/\/photos.app.goo.gl\/HKAfhCwkMmepTdSq8\" target=\"_blank\" rel=\"noopener noreferrer\"><img decoding=\"async\" class=\"aligncenter wp-image-207 size-medium\" src=\"https:\/\/meaux-gymnastique.fr\/wp-content\/uploads\/Ic\u00f4nes\/CliquerICI-300x139.jpg\" alt=\"\" width=\"300\" height=\"139\" srcset=\"https:\/\/meaux-gymnastique.fr\/wp-content\/uploads\/Ic\u00f4nes\/CliquerICI-300x139.jpg 300w, https:\/\/meaux-gymnastique.fr\/wp-content\/uploads\/Ic\u00f4nes\/CliquerICI.jpg 330w\" sizes=\"(max-width: 300px) 100vw, 300px\" \/><\/a><\/p>\n\n\n<h2 class=\"wp-block-heading\">Championnat Acad\u00e9mique UNSS 2011 &#8211; Meaux &#8211; 23 mars 2011<\/h2>\n\n\n<p><a href=\"https:\/\/photos.app.goo.gl\/V2Ro4S2g6bCRNn1G8\" target=\"_blank\" rel=\"noopener noreferrer\"><img decoding=\"async\" class=\"aligncenter wp-image-207 size-medium\" src=\"https:\/\/meaux-gymnastique.fr\/wp-content\/uploads\/Ic\u00f4nes\/CliquerICI-300x139.jpg\" alt=\"\" width=\"300\" height=\"139\" srcset=\"https:\/\/meaux-gymnastique.fr\/wp-content\/uploads\/Ic\u00f4nes\/CliquerICI-300x139.jpg 300w, https:\/\/meaux-gymnastique.fr\/wp-content\/uploads\/Ic\u00f4nes\/CliquerICI.jpg 330w\" sizes=\"(max-width: 300px) 100vw, 300px\" \/><\/a><\/p>\n\n\n<h2 class=\"wp-block-heading\">Championnat R\u00e9gional par Equipe &#8211; Paris &#8211; 12 et 13 mars 2011<\/h2>\n\n\n<p><a href=\"https:\/\/photos.app.goo.gl\/fv6gPWS7WXFAzeBn6\" target=\"_blank\" rel=\"noopener noreferrer\"><img decoding=\"async\" class=\"aligncenter wp-image-207 size-medium\" src=\"https:\/\/meaux-gymnastique.fr\/wp-content\/uploads\/Ic\u00f4nes\/CliquerICI-300x139.jpg\" alt=\"\" width=\"300\" height=\"139\" srcset=\"https:\/\/meaux-gymnastique.fr\/wp-content\/uploads\/Ic\u00f4nes\/CliquerICI-300x139.jpg 300w, https:\/\/meaux-gymnastique.fr\/wp-content\/uploads\/Ic\u00f4nes\/CliquerICI.jpg 330w\" sizes=\"(max-width: 300px) 100vw, 300px\" \/><\/a><\/p>\n\n\n<h2 class=\"wp-block-heading\">Championnat R\u00e9gional Individuel &#8211; Chelles et Savigny-le-Temple 5 et 6 mars 2011<\/h2>\n\n\n<p><a href=\"https:\/\/photos.app.goo.gl\/2SWEbMBVx8FuVKZDA\" target=\"_blank\" rel=\"noopener noreferrer\"><img decoding=\"async\" class=\"aligncenter wp-image-207 size-medium\" src=\"https:\/\/meaux-gymnastique.fr\/wp-content\/uploads\/Ic\u00f4nes\/CliquerICI-300x139.jpg\" alt=\"\" width=\"300\" height=\"139\" srcset=\"https:\/\/meaux-gymnastique.fr\/wp-content\/uploads\/Ic\u00f4nes\/CliquerICI-300x139.jpg 300w, https:\/\/meaux-gymnastique.fr\/wp-content\/uploads\/Ic\u00f4nes\/CliquerICI.jpg 330w\" sizes=\"(max-width: 300px) 100vw, 300px\" \/><\/a><\/p>\n\n\n<h2 class=\"wp-block-heading\">1\/4 de Finale Coupe de France &#8211; Meaux<\/h2>\n\n\n<p><a href=\"https:\/\/photos.app.goo.gl\/CBbwsHqSSJYrrVeg7\" target=\"_blank\" rel=\"noopener noreferrer\"><img decoding=\"async\" class=\"aligncenter wp-image-207 size-medium\" src=\"https:\/\/meaux-gymnastique.fr\/wp-content\/uploads\/Ic\u00f4nes\/CliquerICI-300x139.jpg\" alt=\"\" width=\"300\" height=\"139\" srcset=\"https:\/\/meaux-gymnastique.fr\/wp-content\/uploads\/Ic\u00f4nes\/CliquerICI-300x139.jpg 300w, https:\/\/meaux-gymnastique.fr\/wp-content\/uploads\/Ic\u00f4nes\/CliquerICI.jpg 330w\" sizes=\"(max-width: 300px) 100vw, 300px\" \/><\/a><\/p>\n\n\n<h2 class=\"wp-block-heading\">Championnat D\u00e9partemental par Equipe 2011 &#8211; Bussy St Georges<\/h2>\n\n\n<p><a href=\"https:\/\/photos.app.goo.gl\/vdSsdajbYjS4wDGY7\" target=\"_blank\" rel=\"noopener noreferrer\"><img decoding=\"async\" class=\"aligncenter wp-image-207 size-medium\" src=\"https:\/\/meaux-gymnastique.fr\/wp-content\/uploads\/Ic\u00f4nes\/CliquerICI-300x139.jpg\" alt=\"\" width=\"300\" height=\"139\" srcset=\"https:\/\/meaux-gymnastique.fr\/wp-content\/uploads\/Ic\u00f4nes\/CliquerICI-300x139.jpg 300w, https:\/\/meaux-gymnastique.fr\/wp-content\/uploads\/Ic\u00f4nes\/CliquerICI.jpg 330w\" sizes=\"(max-width: 300px) 100vw, 300px\" \/><\/a><\/p>\n\n\n<h2 class=\"wp-block-heading\">Championnat D\u00e9partemental Individuel 2011 &#8211; Roissy en Brie<\/h2>\n\n\n<p><a href=\"https:\/\/photos.app.goo.gl\/1yQGN2kLKPTueJRL8\" target=\"_blank\" rel=\"noopener noreferrer\"><img decoding=\"async\" class=\"aligncenter wp-image-207 size-medium\" src=\"https:\/\/meaux-gymnastique.fr\/wp-content\/uploads\/Ic\u00f4nes\/CliquerICI-300x139.jpg\" alt=\"\" width=\"300\" height=\"139\" srcset=\"https:\/\/meaux-gymnastique.fr\/wp-content\/uploads\/Ic\u00f4nes\/CliquerICI-300x139.jpg 300w, https:\/\/meaux-gymnastique.fr\/wp-content\/uploads\/Ic\u00f4nes\/CliquerICI.jpg 330w\" sizes=\"(max-width: 300px) 100vw, 300px\" \/><\/a><\/p>\n\n\n<h2 class=\"wp-block-heading\">Coupes Nationales 2010 &#8211; La Madeleine (59)<\/h2>\n\n\n<p><a href=\"https:\/\/photos.app.goo.gl\/d47ESe22iVLhW5kp8\" target=\"_blank\" rel=\"noopener noreferrer\"><img decoding=\"async\" class=\"aligncenter wp-image-207 size-medium\" src=\"https:\/\/meaux-gymnastique.fr\/wp-content\/uploads\/Ic\u00f4nes\/CliquerICI-300x139.jpg\" alt=\"\" width=\"300\" height=\"139\" srcset=\"https:\/\/meaux-gymnastique.fr\/wp-content\/uploads\/Ic\u00f4nes\/CliquerICI-300x139.jpg 300w, https:\/\/meaux-gymnastique.fr\/wp-content\/uploads\/Ic\u00f4nes\/CliquerICI.jpg 330w\" sizes=\"(max-width: 300px) 100vw, 300px\" \/><\/a><\/p>\n\n\n<h2 class=\"wp-block-heading\">Tournoi International de Blanc Mesnil 2010<\/h2>\n\n\n<p><a href=\"https:\/\/photos.app.goo.gl\/oazpRLno8gfbeQiT6\" target=\"_blank\" rel=\"noopener noreferrer\"><img decoding=\"async\" class=\"aligncenter wp-image-207 size-medium\" src=\"https:\/\/meaux-gymnastique.fr\/wp-content\/uploads\/Ic\u00f4nes\/CliquerICI-300x139.jpg\" alt=\"\" width=\"300\" height=\"139\" srcset=\"https:\/\/meaux-gymnastique.fr\/wp-content\/uploads\/Ic\u00f4nes\/CliquerICI-300x139.jpg 300w, https:\/\/meaux-gymnastique.fr\/wp-content\/uploads\/Ic\u00f4nes\/CliquerICI.jpg 330w\" sizes=\"(max-width: 300px) 100vw, 300px\" \/><\/a><\/p>\n\n\n<h2 class=\"wp-block-heading\">Tournoi International de Combs-la-Ville 2010<\/h2>\n\n\n<p><a href=\"https:\/\/photos.app.goo.gl\/7wBTVSmhgRUTWi8w5\" target=\"_blank\" rel=\"noopener noreferrer\"><img decoding=\"async\" class=\"aligncenter wp-image-207 size-medium\" src=\"https:\/\/meaux-gymnastique.fr\/wp-content\/uploads\/Ic\u00f4nes\/CliquerICI-300x139.jpg\" alt=\"\" width=\"300\" height=\"139\" srcset=\"https:\/\/meaux-gymnastique.fr\/wp-content\/uploads\/Ic\u00f4nes\/CliquerICI-300x139.jpg 300w, https:\/\/meaux-gymnastique.fr\/wp-content\/uploads\/Ic\u00f4nes\/CliquerICI.jpg 330w\" sizes=\"(max-width: 300px) 100vw, 300px\" \/><\/a><\/p>\n\n\n<h2 class=\"wp-block-heading\">Championnat d&rsquo;Europe de TeamGym 2010 &#8211; Malm\u00f6(Su\u00e8de)<\/h2>\n\n\n<p><a href=\"https:\/\/photos.app.goo.gl\/ZDnFb92jY6zwMJCM7\" target=\"_blank\" rel=\"noopener noreferrer\"><img decoding=\"async\" class=\"aligncenter wp-image-207 size-medium\" src=\"https:\/\/meaux-gymnastique.fr\/wp-content\/uploads\/Ic\u00f4nes\/CliquerICI-300x139.jpg\" alt=\"\" width=\"300\" height=\"139\" srcset=\"https:\/\/meaux-gymnastique.fr\/wp-content\/uploads\/Ic\u00f4nes\/CliquerICI-300x139.jpg 300w, https:\/\/meaux-gymnastique.fr\/wp-content\/uploads\/Ic\u00f4nes\/CliquerICI.jpg 330w\" sizes=\"(max-width: 300px) 100vw, 300px\" \/><\/a><\/p>\n\n\n<h2 class=\"wp-block-heading\">Stage de reprise 2010-2011<\/h2>\n\n\n<p><a href=\"https:\/\/photos.app.goo.gl\/2HNSwwfa4i7soshx5\" target=\"_blank\" rel=\"noopener noreferrer\"><img decoding=\"async\" class=\"aligncenter wp-image-207 size-medium\" src=\"https:\/\/meaux-gymnastique.fr\/wp-content\/uploads\/Ic\u00f4nes\/CliquerICI-300x139.jpg\" alt=\"\" width=\"300\" height=\"139\" srcset=\"https:\/\/meaux-gymnastique.fr\/wp-content\/uploads\/Ic\u00f4nes\/CliquerICI-300x139.jpg 300w, https:\/\/meaux-gymnastique.fr\/wp-content\/uploads\/Ic\u00f4nes\/CliquerICI.jpg 330w\" sizes=\"(max-width: 300px) 100vw, 300px\" \/><\/a><\/p>","protected":false},"excerpt":{"rendered":"<p>D\u00e9part Emilie LEBLANC Gala Meaux Gymnastique 2011 Championnat de France DN3 \u00e0 DN8 et crit\u00e9rium &#8211; Cholet 2011 Championnat de<\/p>\n","protected":false},"author":1,"featured_media":0,"parent":0,"menu_order":0,"comment_status":"closed","ping_status":"closed","template":"","meta":{"colormag_page_container_layout":"no_sidebar_full_width","colormag_page_sidebar_layout":"no_sidebar","jetpack_post_was_ever_published":false,"footnotes":""},"class_list":["post-1296","page","type-page","status-publish","hentry"],"jetpack_sharing_enabled":true,"_links":{"self":[{"href":"https:\/\/meaux-gymnastique.fr\/index.php\/wp-json\/wp\/v2\/pages\/1296","targetHints":{"allow":["GET"]}}],"collection":[{"href":"https:\/\/meaux-gymnastique.fr\/index.php\/wp-json\/wp\/v2\/pages"}],"about":[{"href":"https:\/\/meaux-gymnastique.fr\/index.php\/wp-json\/wp\/v2\/types\/page"}],"author":[{"embeddable":true,"href":"https:\/\/meaux-gymnastique.fr\/index.php\/wp-json\/wp\/v2\/users\/1"}],"replies":[{"embeddable":true,"href":"https:\/\/meaux-gymnastique.fr\/index.php\/wp-json\/wp\/v2\/comments?post=1296"}],"version-history":[{"count":21,"href":"https:\/\/meaux-gymnastique.fr\/index.php\/wp-json\/wp\/v2\/pages\/1296\/revisions"}],"predecessor-version":[{"id":1405,"href":"https:\/\/meaux-gymnastique.fr\/index.php\/wp-json\/wp\/v2\/pages\/1296\/revisions\/1405"}],"wp:attachment":[{"href":"https:\/\/meaux-gymnastique.fr\/index.php\/wp-json\/wp\/v2\/media?parent=1296"}],"curies":[{"name":"wp","href":"https:\/\/api.w.org\/{rel}","templated":true}]}}