{"id":1406,"date":"2020-02-10T19:00:48","date_gmt":"2020-02-10T18:00:48","guid":{"rendered":"https:\/\/meaux-gymnastique.fr\/?page_id=1406"},"modified":"2020-02-18T16:53:55","modified_gmt":"2020-02-18T15:53:55","slug":"2009-2010","status":"publish","type":"page","link":"https:\/\/meaux-gymnastique.fr\/index.php\/2009-2010\/","title":{"rendered":"2009-2010"},"content":{"rendered":"\n<h2 class=\"wp-block-heading\">2009-2010<\/h2>\n\n\n\n<h2 class=\"wp-block-heading\">Remise troph\u00e9e Christian Fabert Juin 2010<\/h2>\n\n\n<p><a href=\"https:\/\/photos.app.goo.gl\/7w7svY5goJJVjA7p6\" target=\"_blank\" rel=\"noopener noreferrer\"><img decoding=\"async\" class=\"aligncenter wp-image-207 size-medium\" src=\"https:\/\/meaux-gymnastique.fr\/wp-content\/uploads\/Ic\u00f4nes\/CliquerICI-300x139.jpg\" alt=\"\" width=\"300\" height=\"139\" srcset=\"https:\/\/meaux-gymnastique.fr\/wp-content\/uploads\/Ic\u00f4nes\/CliquerICI-300x139.jpg 300w, https:\/\/meaux-gymnastique.fr\/wp-content\/uploads\/Ic\u00f4nes\/CliquerICI.jpg 330w\" sizes=\"(max-width: 300px) 100vw, 300px\" \/><\/a><\/p>\n\n\n<h2 class=\"wp-block-heading\">Gala Meaux Gymnastique 2010<\/h2>\n\n\n<p><a href=\"https:\/\/photos.app.goo.gl\/2PkhcRUgyeLYqgdc9\" target=\"_blank\" rel=\"noopener noreferrer\"><img decoding=\"async\" class=\"aligncenter wp-image-207 size-medium\" src=\"https:\/\/meaux-gymnastique.fr\/wp-content\/uploads\/Ic\u00f4nes\/CliquerICI-300x139.jpg\" alt=\"\" width=\"300\" height=\"139\" srcset=\"https:\/\/meaux-gymnastique.fr\/wp-content\/uploads\/Ic\u00f4nes\/CliquerICI-300x139.jpg 300w, https:\/\/meaux-gymnastique.fr\/wp-content\/uploads\/Ic\u00f4nes\/CliquerICI.jpg 330w\" sizes=\"(max-width: 300px) 100vw, 300px\" \/><\/a><\/p>\n\n\n<h2 class=\"wp-block-heading\">Finale de Zone des Circuits Educatifs 2010 Noisy le Sec <\/h2>\n\n\n<p><a href=\"https:\/\/photos.app.goo.gl\/BHNSNqyRCRzSzL2L7\" target=\"_blank\" rel=\"noopener noreferrer\"><img decoding=\"async\" class=\"aligncenter wp-image-207 size-medium\" src=\"https:\/\/meaux-gymnastique.fr\/wp-content\/uploads\/Ic\u00f4nes\/CliquerICI-300x139.jpg\" alt=\"\" width=\"300\" height=\"139\" srcset=\"https:\/\/meaux-gymnastique.fr\/wp-content\/uploads\/Ic\u00f4nes\/CliquerICI-300x139.jpg 300w, https:\/\/meaux-gymnastique.fr\/wp-content\/uploads\/Ic\u00f4nes\/CliquerICI.jpg 330w\" sizes=\"(max-width: 300px) 100vw, 300px\" \/><\/a><\/p>\n\n\n<h2 class=\"wp-block-heading\">Remise du Troph\u00e9e de l&rsquo;Espoir 2010<\/h2>\n\n\n<p><a href=\"https:\/\/photos.app.goo.gl\/Mk1rPhYQZXSFz2db7\" target=\"_blank\" rel=\"noopener noreferrer\"><img decoding=\"async\" class=\"aligncenter wp-image-207 size-medium\" src=\"https:\/\/meaux-gymnastique.fr\/wp-content\/uploads\/Ic\u00f4nes\/CliquerICI-300x139.jpg\" alt=\"\" width=\"300\" height=\"139\" srcset=\"https:\/\/meaux-gymnastique.fr\/wp-content\/uploads\/Ic\u00f4nes\/CliquerICI-300x139.jpg 300w, https:\/\/meaux-gymnastique.fr\/wp-content\/uploads\/Ic\u00f4nes\/CliquerICI.jpg 330w\" sizes=\"(max-width: 300px) 100vw, 300px\" \/><\/a><\/p>\n\n\n<h2 class=\"wp-block-heading\">Championnat de France par \u00e9quipe DN4 &#8211; Crit\u00e9rium 1 &#8211; 2020 &#8211; Ch\u00e2lons en Champagne<\/h2>\n\n\n<p><a href=\"https:\/\/photos.app.goo.gl\/c7thJfomhwYxWoBV9\" target=\"_blank\" rel=\"noopener noreferrer\"><img decoding=\"async\" class=\"aligncenter wp-image-207 size-medium\" src=\"https:\/\/meaux-gymnastique.fr\/wp-content\/uploads\/Ic\u00f4nes\/CliquerICI-300x139.jpg\" alt=\"\" width=\"300\" height=\"139\" srcset=\"https:\/\/meaux-gymnastique.fr\/wp-content\/uploads\/Ic\u00f4nes\/CliquerICI-300x139.jpg 300w, https:\/\/meaux-gymnastique.fr\/wp-content\/uploads\/Ic\u00f4nes\/CliquerICI.jpg 330w\" sizes=\"(max-width: 300px) 100vw, 300px\" \/><\/a><\/p>\n\n\n<h2 class=\"wp-block-heading\">R\u00e9gions Division r\u00e9gionale 2010 &#8211; Roissy en Brie<\/h2>\n\n\n<p><a href=\"https:\/\/photos.app.goo.gl\/4G7RYsZcypQUHfWV8\" target=\"_blank\" rel=\"noopener noreferrer\"><img decoding=\"async\" class=\"aligncenter wp-image-207 size-medium\" src=\"https:\/\/meaux-gymnastique.fr\/wp-content\/uploads\/Ic\u00f4nes\/CliquerICI-300x139.jpg\" alt=\"\" width=\"300\" height=\"139\" srcset=\"https:\/\/meaux-gymnastique.fr\/wp-content\/uploads\/Ic\u00f4nes\/CliquerICI-300x139.jpg 300w, https:\/\/meaux-gymnastique.fr\/wp-content\/uploads\/Ic\u00f4nes\/CliquerICI.jpg 330w\" sizes=\"(max-width: 300px) 100vw, 300px\" \/><\/a><\/p>\n\n\n<h2 class=\"wp-block-heading\">Championnat de France 2010 &#8211; Elite &amp; DN &#8211; Albertville<\/h2>\n\n\n<p><a href=\"https:\/\/photos.app.goo.gl\/3ryzCGSnDL2HgeGn9\" target=\"_blank\" rel=\"noopener noreferrer\"><img decoding=\"async\" class=\"aligncenter wp-image-207 size-medium\" src=\"https:\/\/meaux-gymnastique.fr\/wp-content\/uploads\/Ic\u00f4nes\/CliquerICI-300x139.jpg\" alt=\"\" width=\"300\" height=\"139\" srcset=\"https:\/\/meaux-gymnastique.fr\/wp-content\/uploads\/Ic\u00f4nes\/CliquerICI-300x139.jpg 300w, https:\/\/meaux-gymnastique.fr\/wp-content\/uploads\/Ic\u00f4nes\/CliquerICI.jpg 330w\" sizes=\"(max-width: 300px) 100vw, 300px\" \/><\/a><\/p>\n\n\n<h2 class=\"wp-block-heading\">Championnat R\u00e9gional des circuits \u00e9ducatifs &#8211; Le Plessis Tr\u00e9vise<\/h2>\n\n\n<p><a href=\"https:\/\/photos.app.goo.gl\/9dQ5bbawH3QPNaXb8\" target=\"_blank\" rel=\"noopener noreferrer\"><img decoding=\"async\" class=\"aligncenter wp-image-207 size-medium\" src=\"https:\/\/meaux-gymnastique.fr\/wp-content\/uploads\/Ic\u00f4nes\/CliquerICI-300x139.jpg\" alt=\"\" width=\"300\" height=\"139\" srcset=\"https:\/\/meaux-gymnastique.fr\/wp-content\/uploads\/Ic\u00f4nes\/CliquerICI-300x139.jpg 300w, https:\/\/meaux-gymnastique.fr\/wp-content\/uploads\/Ic\u00f4nes\/CliquerICI.jpg 330w\" sizes=\"(max-width: 300px) 100vw, 300px\" \/><\/a><\/p>\n\n\n<h2 class=\"wp-block-heading\">Championnat de France Team Gym 2010 &#8211; Bordeaux<\/h2>\n\n\n<p><a href=\"https:\/\/photos.app.goo.gl\/akWkYV4rtb2io9w96\" target=\"_blank\" rel=\"noopener noreferrer\"><img decoding=\"async\" class=\"aligncenter wp-image-207 size-medium\" src=\"https:\/\/meaux-gymnastique.fr\/wp-content\/uploads\/Ic\u00f4nes\/CliquerICI-300x139.jpg\" alt=\"\" width=\"300\" height=\"139\" srcset=\"https:\/\/meaux-gymnastique.fr\/wp-content\/uploads\/Ic\u00f4nes\/CliquerICI-300x139.jpg 300w, https:\/\/meaux-gymnastique.fr\/wp-content\/uploads\/Ic\u00f4nes\/CliquerICI.jpg 330w\" sizes=\"(max-width: 300px) 100vw, 300px\" \/><\/a><\/p>\n\n\n<h2 class=\"wp-block-heading\">Championnat de France UNSS 2010 &#8211; Clermont Ferrand<\/h2>\n\n\n<p><a href=\"https:\/\/photos.app.goo.gl\/KFFEP7uaeSaXB4tX8\" target=\"_blank\" rel=\"noopener noreferrer\"><img decoding=\"async\" class=\"aligncenter wp-image-207 size-medium\" src=\"https:\/\/meaux-gymnastique.fr\/wp-content\/uploads\/Ic\u00f4nes\/CliquerICI-300x139.jpg\" alt=\"\" width=\"300\" height=\"139\" srcset=\"https:\/\/meaux-gymnastique.fr\/wp-content\/uploads\/Ic\u00f4nes\/CliquerICI-300x139.jpg 300w, https:\/\/meaux-gymnastique.fr\/wp-content\/uploads\/Ic\u00f4nes\/CliquerICI.jpg 330w\" sizes=\"(max-width: 300px) 100vw, 300px\" \/><\/a><\/p>\n\n\n<h2 class=\"wp-block-heading\">Championnat de France 2010 &#8211; Oyonnax<\/h2>\n\n\n<p><a href=\"https:\/\/photos.app.goo.gl\/oA1dH5gP4477km886\" target=\"_blank\" rel=\"noopener noreferrer\"><img decoding=\"async\" class=\"aligncenter wp-image-207 size-medium\" src=\"https:\/\/meaux-gymnastique.fr\/wp-content\/uploads\/Ic\u00f4nes\/CliquerICI-300x139.jpg\" alt=\"\" width=\"300\" height=\"139\" srcset=\"https:\/\/meaux-gymnastique.fr\/wp-content\/uploads\/Ic\u00f4nes\/CliquerICI-300x139.jpg 300w, https:\/\/meaux-gymnastique.fr\/wp-content\/uploads\/Ic\u00f4nes\/CliquerICI.jpg 330w\" sizes=\"(max-width: 300px) 100vw, 300px\" \/><\/a><\/p>\n\n\n<h2 class=\"wp-block-heading\">Championnat de Zone par \u00e9quipe 2010 &#8211; Combs-la-Ville<\/h2>\n\n\n<p><a href=\"https:\/\/photos.app.goo.gl\/6A2xj562Sojjf4Yk8\" target=\"_blank\" rel=\"noopener noreferrer\"><img decoding=\"async\" class=\"aligncenter wp-image-207 size-medium\" src=\"https:\/\/meaux-gymnastique.fr\/wp-content\/uploads\/Ic\u00f4nes\/CliquerICI-300x139.jpg\" alt=\"\" width=\"300\" height=\"139\" srcset=\"https:\/\/meaux-gymnastique.fr\/wp-content\/uploads\/Ic\u00f4nes\/CliquerICI-300x139.jpg 300w, https:\/\/meaux-gymnastique.fr\/wp-content\/uploads\/Ic\u00f4nes\/CliquerICI.jpg 330w\" sizes=\"(max-width: 300px) 100vw, 300px\" \/><\/a><\/p>\n\n\n<h2 class=\"wp-block-heading\">1\/2 Finale Coupe de France &#8211; Dunkerque <\/h2>\n\n\n<p><a href=\"https:\/\/photos.app.goo.gl\/bSQwtowryA7mQuby8\" target=\"_blank\" rel=\"noopener noreferrer\"><img decoding=\"async\" class=\"aligncenter wp-image-207 size-medium\" src=\"https:\/\/meaux-gymnastique.fr\/wp-content\/uploads\/Ic\u00f4nes\/CliquerICI-300x139.jpg\" alt=\"\" width=\"300\" height=\"139\" srcset=\"https:\/\/meaux-gymnastique.fr\/wp-content\/uploads\/Ic\u00f4nes\/CliquerICI-300x139.jpg 300w, https:\/\/meaux-gymnastique.fr\/wp-content\/uploads\/Ic\u00f4nes\/CliquerICI.jpg 330w\" sizes=\"(max-width: 300px) 100vw, 300px\" \/><\/a><\/p>\n\n\n<h2 class=\"wp-block-heading\">Championnat Individuel de Zone 2010 &#8211; Guyancourt<\/h2>\n\n\n<p><a href=\"https:\/\/photos.app.goo.gl\/U5VET7pNrRT5pXJz9\" target=\"_blank\" rel=\"noopener noreferrer\"><img decoding=\"async\" class=\"aligncenter wp-image-207 size-medium\" src=\"https:\/\/meaux-gymnastique.fr\/wp-content\/uploads\/Ic\u00f4nes\/CliquerICI-300x139.jpg\" alt=\"\" width=\"300\" height=\"139\" srcset=\"https:\/\/meaux-gymnastique.fr\/wp-content\/uploads\/Ic\u00f4nes\/CliquerICI-300x139.jpg 300w, https:\/\/meaux-gymnastique.fr\/wp-content\/uploads\/Ic\u00f4nes\/CliquerICI.jpg 330w\" sizes=\"(max-width: 300px) 100vw, 300px\" \/><\/a><\/p>\n\n\n<h2 class=\"wp-block-heading\">Championnat Acad\u00e9mique U.N.S.S 2010<\/h2>\n\n\n<p><a href=\"https:\/\/photos.app.goo.gl\/jR9E6LGKaePQwWAM7\" target=\"_blank\" rel=\"noopener noreferrer\"><img decoding=\"async\" class=\"aligncenter wp-image-207 size-medium\" src=\"https:\/\/meaux-gymnastique.fr\/wp-content\/uploads\/Ic\u00f4nes\/CliquerICI-300x139.jpg\" alt=\"\" width=\"300\" height=\"139\" srcset=\"https:\/\/meaux-gymnastique.fr\/wp-content\/uploads\/Ic\u00f4nes\/CliquerICI-300x139.jpg 300w, https:\/\/meaux-gymnastique.fr\/wp-content\/uploads\/Ic\u00f4nes\/CliquerICI.jpg 330w\" sizes=\"(max-width: 300px) 100vw, 300px\" \/><\/a><\/p>\n\n\n<h2 class=\"wp-block-heading\">Championnat d\u00e9partemental des circuits \u00e9ducatifs et DIR<\/h2>\n\n\n<p><a href=\"https:\/\/photos.app.goo.gl\/6bSdLBRbWbSPA1z57\" target=\"_blank\" rel=\"noopener noreferrer\"><img decoding=\"async\" class=\"aligncenter wp-image-207 size-medium\" src=\"https:\/\/meaux-gymnastique.fr\/wp-content\/uploads\/Ic\u00f4nes\/CliquerICI-300x139.jpg\" alt=\"\" width=\"300\" height=\"139\" srcset=\"https:\/\/meaux-gymnastique.fr\/wp-content\/uploads\/Ic\u00f4nes\/CliquerICI-300x139.jpg 300w, https:\/\/meaux-gymnastique.fr\/wp-content\/uploads\/Ic\u00f4nes\/CliquerICI.jpg 330w\" sizes=\"(max-width: 300px) 100vw, 300px\" \/><\/a><\/p>\n\n\n<h2 class=\"wp-block-heading\">Championnat R\u00e9gional Par \u00e9quipe 2010 &#8211; Combs-la-ville<\/h2>\n\n\n<p><a href=\"https:\/\/photos.app.goo.gl\/1raYUrroGNUz7CHe8\" target=\"_blank\" rel=\"noopener noreferrer\"><img decoding=\"async\" class=\"aligncenter wp-image-207 size-medium\" src=\"https:\/\/meaux-gymnastique.fr\/wp-content\/uploads\/Ic\u00f4nes\/CliquerICI-300x139.jpg\" alt=\"\" width=\"300\" height=\"139\" srcset=\"https:\/\/meaux-gymnastique.fr\/wp-content\/uploads\/Ic\u00f4nes\/CliquerICI-300x139.jpg 300w, https:\/\/meaux-gymnastique.fr\/wp-content\/uploads\/Ic\u00f4nes\/CliquerICI.jpg 330w\" sizes=\"(max-width: 300px) 100vw, 300px\" \/><\/a><\/p>\n\n\n<h2 class=\"wp-block-heading\">Championnat R\u00e9gional Individuel 2010 &#8211; Savigny le Temple<\/h2>\n\n\n<p><a href=\"https:\/\/photos.app.goo.gl\/tKkMYPK61yQEgJUB7\" target=\"_blank\" rel=\"noopener noreferrer\"><img decoding=\"async\" class=\"aligncenter wp-image-207 size-medium\" src=\"https:\/\/meaux-gymnastique.fr\/wp-content\/uploads\/Ic\u00f4nes\/CliquerICI-300x139.jpg\" alt=\"\" width=\"300\" height=\"139\" srcset=\"https:\/\/meaux-gymnastique.fr\/wp-content\/uploads\/Ic\u00f4nes\/CliquerICI-300x139.jpg 300w, https:\/\/meaux-gymnastique.fr\/wp-content\/uploads\/Ic\u00f4nes\/CliquerICI.jpg 330w\" sizes=\"(max-width: 300px) 100vw, 300px\" \/><\/a><\/p>\n\n\n<h2 class=\"wp-block-heading\">Championnat D\u00e9partemental par Equipe 2010<\/h2>\n\n\n<p><a href=\"https:\/\/photos.app.goo.gl\/6YGP1cY7bEYJd5r98\" target=\"_blank\" rel=\"noopener noreferrer\"><img decoding=\"async\" class=\"aligncenter wp-image-207 size-medium\" src=\"https:\/\/meaux-gymnastique.fr\/wp-content\/uploads\/Ic\u00f4nes\/CliquerICI-300x139.jpg\" alt=\"\" width=\"300\" height=\"139\" srcset=\"https:\/\/meaux-gymnastique.fr\/wp-content\/uploads\/Ic\u00f4nes\/CliquerICI-300x139.jpg 300w, https:\/\/meaux-gymnastique.fr\/wp-content\/uploads\/Ic\u00f4nes\/CliquerICI.jpg 330w\" sizes=\"(max-width: 300px) 100vw, 300px\" \/><\/a><\/p>\n\n\n<h2 class=\"wp-block-heading\">Championnat D\u00e9partemental des Individuelles 2010 <\/h2>\n\n\n<p><a href=\"https:\/\/photos.app.goo.gl\/j21qSCnJf6gvfTYY8\" target=\"_blank\" rel=\"noopener noreferrer\"><img decoding=\"async\" class=\"aligncenter wp-image-207 size-medium\" src=\"https:\/\/meaux-gymnastique.fr\/wp-content\/uploads\/Ic\u00f4nes\/CliquerICI-300x139.jpg\" alt=\"\" width=\"300\" height=\"139\" srcset=\"https:\/\/meaux-gymnastique.fr\/wp-content\/uploads\/Ic\u00f4nes\/CliquerICI-300x139.jpg 300w, https:\/\/meaux-gymnastique.fr\/wp-content\/uploads\/Ic\u00f4nes\/CliquerICI.jpg 330w\" sizes=\"(max-width: 300px) 100vw, 300px\" \/><\/a><\/p>\n\n\n<h2 class=\"wp-block-heading\">Tournoi International d&rsquo;Arques 2009<\/h2>\n\n\n<p><a href=\"https:\/\/photos.app.goo.gl\/Qxy9BXJe1g58XGrD8\" target=\"_blank\" rel=\"noopener noreferrer\"><img decoding=\"async\" class=\"aligncenter wp-image-207 size-medium\" src=\"https:\/\/meaux-gymnastique.fr\/wp-content\/uploads\/Ic\u00f4nes\/CliquerICI-300x139.jpg\" alt=\"\" width=\"300\" height=\"139\" srcset=\"https:\/\/meaux-gymnastique.fr\/wp-content\/uploads\/Ic\u00f4nes\/CliquerICI-300x139.jpg 300w, https:\/\/meaux-gymnastique.fr\/wp-content\/uploads\/Ic\u00f4nes\/CliquerICI.jpg 330w\" sizes=\"(max-width: 300px) 100vw, 300px\" \/><\/a><\/p>\n\n\n<h2 class=\"wp-block-heading\">Challenge Andre Laurent 2009<\/h2>\n\n\n<p><a href=\"https:\/\/photos.app.goo.gl\/D5kBjJ6ePh9fmSDo6\" target=\"_blank\" rel=\"noopener noreferrer\"><img decoding=\"async\" class=\"aligncenter wp-image-207 size-medium\" src=\"https:\/\/meaux-gymnastique.fr\/wp-content\/uploads\/Ic\u00f4nes\/CliquerICI-300x139.jpg\" alt=\"\" width=\"300\" height=\"139\" srcset=\"https:\/\/meaux-gymnastique.fr\/wp-content\/uploads\/Ic\u00f4nes\/CliquerICI-300x139.jpg 300w, https:\/\/meaux-gymnastique.fr\/wp-content\/uploads\/Ic\u00f4nes\/CliquerICI.jpg 330w\" sizes=\"(max-width: 300px) 100vw, 300px\" \/><\/a><\/p>\n\n\n<h2 class=\"wp-block-heading\">Tournoi International &#8211; Blanc Mesnil 2009<\/h2>\n\n\n<p><a href=\"https:\/\/photos.app.goo.gl\/7oHcUKGATFprJc3D8\" target=\"_blank\" rel=\"noopener noreferrer\"><img decoding=\"async\" class=\"aligncenter wp-image-207 size-medium\" src=\"https:\/\/meaux-gymnastique.fr\/wp-content\/uploads\/Ic\u00f4nes\/CliquerICI-300x139.jpg\" alt=\"\" width=\"300\" height=\"139\" srcset=\"https:\/\/meaux-gymnastique.fr\/wp-content\/uploads\/Ic\u00f4nes\/CliquerICI-300x139.jpg 300w, https:\/\/meaux-gymnastique.fr\/wp-content\/uploads\/Ic\u00f4nes\/CliquerICI.jpg 330w\" sizes=\"(max-width: 300px) 100vw, 300px\" \/><\/a><\/p>\n\n\n<h2 class=\"wp-block-heading\">Test \u00e9quipe d\u00e9partementale &#8211; Combs la Ville 2009<\/h2>\n\n\n<p><a href=\"https:\/\/photos.app.goo.gl\/JtHpypZtHuknLgREA\" target=\"_blank\" rel=\"noopener noreferrer\"><img decoding=\"async\" class=\"aligncenter wp-image-207 size-medium\" src=\"https:\/\/meaux-gymnastique.fr\/wp-content\/uploads\/Ic\u00f4nes\/CliquerICI-300x139.jpg\" alt=\"\" width=\"300\" height=\"139\" srcset=\"https:\/\/meaux-gymnastique.fr\/wp-content\/uploads\/Ic\u00f4nes\/CliquerICI-300x139.jpg 300w, https:\/\/meaux-gymnastique.fr\/wp-content\/uploads\/Ic\u00f4nes\/CliquerICI.jpg 330w\" sizes=\"(max-width: 300px) 100vw, 300px\" \/><\/a><\/p>\n\n\n<h2 class=\"wp-block-heading\">Tournoi International de Combs la Ville 2009<\/h2>\n\n\n<p><a href=\"https:\/\/photos.app.goo.gl\/HUpLGQziFBXMjzUX7\" target=\"_blank\" rel=\"noopener noreferrer\"><img decoding=\"async\" class=\"aligncenter wp-image-207 size-medium\" src=\"https:\/\/meaux-gymnastique.fr\/wp-content\/uploads\/Ic\u00f4nes\/CliquerICI-300x139.jpg\" alt=\"\" width=\"300\" height=\"139\" srcset=\"https:\/\/meaux-gymnastique.fr\/wp-content\/uploads\/Ic\u00f4nes\/CliquerICI-300x139.jpg 300w, https:\/\/meaux-gymnastique.fr\/wp-content\/uploads\/Ic\u00f4nes\/CliquerICI.jpg 330w\" sizes=\"(max-width: 300px) 100vw, 300px\" \/><\/a><\/p>\n\n\n<h2 class=\"wp-block-heading\">Baby Gym Halloween 2009<\/h2>\n\n\n<p><a href=\"https:\/\/photos.app.goo.gl\/QhewaLmVpdLVzuvx6\" target=\"_blank\" rel=\"noopener noreferrer\"><img decoding=\"async\" class=\"aligncenter wp-image-207 size-medium\" src=\"https:\/\/meaux-gymnastique.fr\/wp-content\/uploads\/Ic\u00f4nes\/CliquerICI-300x139.jpg\" alt=\"\" width=\"300\" height=\"139\" srcset=\"https:\/\/meaux-gymnastique.fr\/wp-content\/uploads\/Ic\u00f4nes\/CliquerICI-300x139.jpg 300w, https:\/\/meaux-gymnastique.fr\/wp-content\/uploads\/Ic\u00f4nes\/CliquerICI.jpg 330w\" sizes=\"(max-width: 300px) 100vw, 300px\" \/><\/a><\/p>\n\n\n<h2 class=\"wp-block-heading\">Sportissimeaux 2009<\/h2>\n\n\n<p><a href=\"_wp_link_placeholder\" data-wplink-edit=\"true\"><img decoding=\"async\" class=\"aligncenter wp-image-207 size-medium\" src=\"https:\/\/meaux-gymnastique.fr\/wp-content\/uploads\/Ic\u00f4nes\/CliquerICI-300x139.jpg\" alt=\"\" width=\"300\" height=\"139\" srcset=\"https:\/\/meaux-gymnastique.fr\/wp-content\/uploads\/Ic\u00f4nes\/CliquerICI-300x139.jpg 300w, https:\/\/meaux-gymnastique.fr\/wp-content\/uploads\/Ic\u00f4nes\/CliquerICI.jpg 330w\" sizes=\"(max-width: 300px) 100vw, 300px\" \/><\/a><\/p>\n\n\n<h2 class=\"wp-block-heading\">Stage de reprise 2009-2010<\/h2>\n\n\n<p><a href=\"https:\/\/photos.app.goo.gl\/TttNDLaTh1xCTdDa7\" target=\"_blank\" rel=\"noopener noreferrer\"><img decoding=\"async\" class=\"aligncenter wp-image-207 size-medium\" src=\"https:\/\/meaux-gymnastique.fr\/wp-content\/uploads\/Ic\u00f4nes\/CliquerICI-300x139.jpg\" alt=\"\" width=\"300\" height=\"139\" srcset=\"https:\/\/meaux-gymnastique.fr\/wp-content\/uploads\/Ic\u00f4nes\/CliquerICI-300x139.jpg 300w, https:\/\/meaux-gymnastique.fr\/wp-content\/uploads\/Ic\u00f4nes\/CliquerICI.jpg 330w\" sizes=\"(max-width: 300px) 100vw, 300px\" \/><\/a><\/p>\n\n\n<h2 class=\"wp-block-heading\">Soir\u00e9e Gala 2009<\/h2>\n\n\n<p><a href=\"https:\/\/photos.app.goo.gl\/ux6TmhdYZkqP5L427\" target=\"_blank\" rel=\"noopener noreferrer\"><img decoding=\"async\" class=\"aligncenter wp-image-207 size-medium\" src=\"https:\/\/meaux-gymnastique.fr\/wp-content\/uploads\/Ic\u00f4nes\/CliquerICI-300x139.jpg\" alt=\"\" width=\"300\" height=\"139\" srcset=\"https:\/\/meaux-gymnastique.fr\/wp-content\/uploads\/Ic\u00f4nes\/CliquerICI-300x139.jpg 300w, https:\/\/meaux-gymnastique.fr\/wp-content\/uploads\/Ic\u00f4nes\/CliquerICI.jpg 330w\" sizes=\"(max-width: 300px) 100vw, 300px\" \/><\/a><\/p>\n\n\n<h2 class=\"wp-block-heading\">Photos des gymnastes jusqu&rsquo;\u00e0 2009<\/h2>\n\n\n<p><a href=\"https:\/\/photos.app.goo.gl\/Sp8PugYyAyQ5knsu5\" target=\"_blank\" rel=\"noopener noreferrer\"><img decoding=\"async\" class=\"aligncenter wp-image-207 size-medium\" src=\"https:\/\/meaux-gymnastique.fr\/wp-content\/uploads\/Ic\u00f4nes\/CliquerICI-300x139.jpg\" alt=\"\" width=\"300\" height=\"139\" srcset=\"https:\/\/meaux-gymnastique.fr\/wp-content\/uploads\/Ic\u00f4nes\/CliquerICI-300x139.jpg 300w, https:\/\/meaux-gymnastique.fr\/wp-content\/uploads\/Ic\u00f4nes\/CliquerICI.jpg 330w\" sizes=\"(max-width: 300px) 100vw, 300px\" \/><\/a><\/p>","protected":false},"excerpt":{"rendered":"<p>2009-2010 Remise troph\u00e9e Christian Fabert Juin 2010 Gala Meaux Gymnastique 2010 Finale de Zone des Circuits Educatifs 2010 Noisy le<\/p>\n","protected":false},"author":1,"featured_media":0,"parent":0,"menu_order":0,"comment_status":"closed","ping_status":"closed","template":"","meta":{"colormag_page_container_layout":"no_sidebar_content_centered","colormag_page_sidebar_layout":"no_sidebar","jetpack_post_was_ever_published":false,"footnotes":""},"class_list":["post-1406","page","type-page","status-publish","hentry"],"jetpack_sharing_enabled":true,"_links":{"self":[{"href":"https:\/\/meaux-gymnastique.fr\/index.php\/wp-json\/wp\/v2\/pages\/1406","targetHints":{"allow":["GET"]}}],"collection":[{"href":"https:\/\/meaux-gymnastique.fr\/index.php\/wp-json\/wp\/v2\/pages"}],"about":[{"href":"https:\/\/meaux-gymnastique.fr\/index.php\/wp-json\/wp\/v2\/types\/page"}],"author":[{"embeddable":true,"href":"https:\/\/meaux-gymnastique.fr\/index.php\/wp-json\/wp\/v2\/users\/1"}],"replies":[{"embeddable":true,"href":"https:\/\/meaux-gymnastique.fr\/index.php\/wp-json\/wp\/v2\/comments?post=1406"}],"version-history":[{"count":33,"href":"https:\/\/meaux-gymnastique.fr\/index.php\/wp-json\/wp\/v2\/pages\/1406\/revisions"}],"predecessor-version":[{"id":1450,"href":"https:\/\/meaux-gymnastique.fr\/index.php\/wp-json\/wp\/v2\/pages\/1406\/revisions\/1450"}],"wp:attachment":[{"href":"https:\/\/meaux-gymnastique.fr\/index.php\/wp-json\/wp\/v2\/media?parent=1406"}],"curies":[{"name":"wp","href":"https:\/\/api.w.org\/{rel}","templated":true}]}}