{"id":1817,"date":"2020-11-17T11:25:04","date_gmt":"2020-11-17T10:25:04","guid":{"rendered":"https:\/\/meaux-gymnastique.fr\/?page_id=1817"},"modified":"2025-09-25T16:00:46","modified_gmt":"2025-09-25T14:00:46","slug":"acces-reserve","status":"publish","type":"page","link":"https:\/\/meaux-gymnastique.fr\/index.php\/acces-reserve\/","title":{"rendered":"Acc\u00e8s r\u00e9serv\u00e9 membres comit\u00e9 directeur"},"content":{"rendered":"","protected":true},"excerpt":{"rendered":"","protected":true},"author":1,"featured_media":0,"parent":0,"menu_order":0,"comment_status":"closed","ping_status":"closed","template":"","meta":{"colormag_page_container_layout":"no_sidebar_full_width","colormag_page_sidebar_layout":"no_sidebar","jetpack_post_was_ever_published":false,"footnotes":""},"class_list":["post-1817","page","type-page","status-publish","post-password-required","hentry"],"jetpack_sharing_enabled":true,"_links":{"self":[{"href":"https:\/\/meaux-gymnastique.fr\/index.php\/wp-json\/wp\/v2\/pages\/1817","targetHints":{"allow":["GET"]}}],"collection":[{"href":"https:\/\/meaux-gymnastique.fr\/index.php\/wp-json\/wp\/v2\/pages"}],"about":[{"href":"https:\/\/meaux-gymnastique.fr\/index.php\/wp-json\/wp\/v2\/types\/page"}],"author":[{"embeddable":true,"href":"https:\/\/meaux-gymnastique.fr\/index.php\/wp-json\/wp\/v2\/users\/1"}],"replies":[{"embeddable":true,"href":"https:\/\/meaux-gymnastique.fr\/index.php\/wp-json\/wp\/v2\/comments?post=1817"}],"version-history":[{"count":45,"href":"https:\/\/meaux-gymnastique.fr\/index.php\/wp-json\/wp\/v2\/pages\/1817\/revisions"}],"predecessor-version":[{"id":3818,"href":"https:\/\/meaux-gymnastique.fr\/index.php\/wp-json\/wp\/v2\/pages\/1817\/revisions\/3818"}],"wp:attachment":[{"href":"https:\/\/meaux-gymnastique.fr\/index.php\/wp-json\/wp\/v2\/media?parent=1817"}],"curies":[{"name":"wp","href":"https:\/\/api.w.org\/{rel}","templated":true}]}}