{"id":2341,"date":"2021-11-17T12:18:08","date_gmt":"2021-11-17T11:18:08","guid":{"rendered":"https:\/\/meaux-gymnastique.fr\/?page_id=2341"},"modified":"2022-04-04T19:04:14","modified_gmt":"2022-04-04T17:04:14","slug":"2021-2022","status":"publish","type":"page","link":"https:\/\/meaux-gymnastique.fr\/index.php\/2021-2022\/","title":{"rendered":"2021-2022"},"content":{"rendered":"<p>\u00a0<\/p>\n<hr \/>\n<h3>\u00c9v\u00e8nement comp\u00e9titif du 2 et 3 avril 2022<\/h3>\n<p><img fetchpriority=\"high\" decoding=\"async\" class=\"aligncenter wp-image-2519 size-large\" src=\"https:\/\/meaux-gymnastique.fr\/wp-content\/uploads\/2022\/04\/FED.B-Manon-IMG-20220403-WA0002-768x1024.jpg\" alt=\"\" width=\"768\" height=\"1024\" srcset=\"https:\/\/meaux-gymnastique.fr\/wp-content\/uploads\/2022\/04\/FED.B-Manon-IMG-20220403-WA0002-768x1024.jpg 768w, https:\/\/meaux-gymnastique.fr\/wp-content\/uploads\/2022\/04\/FED.B-Manon-IMG-20220403-WA0002-225x300.jpg 225w, https:\/\/meaux-gymnastique.fr\/wp-content\/uploads\/2022\/04\/FED.B-Manon-IMG-20220403-WA0002-1152x1536.jpg 1152w, https:\/\/meaux-gymnastique.fr\/wp-content\/uploads\/2022\/04\/FED.B-Manon-IMG-20220403-WA0002.jpg 1200w\" sizes=\"(max-width: 768px) 100vw, 768px\" \/><\/p>\n<p><img decoding=\"async\" class=\"aligncenter wp-image-2518 size-large\" src=\"https:\/\/meaux-gymnastique.fr\/wp-content\/uploads\/2022\/04\/FED-B-Manon-IMG-20220403-WA0000-768x1024.jpg\" alt=\"\" width=\"768\" height=\"1024\" srcset=\"https:\/\/meaux-gymnastique.fr\/wp-content\/uploads\/2022\/04\/FED-B-Manon-IMG-20220403-WA0000-768x1024.jpg 768w, https:\/\/meaux-gymnastique.fr\/wp-content\/uploads\/2022\/04\/FED-B-Manon-IMG-20220403-WA0000-225x300.jpg 225w, https:\/\/meaux-gymnastique.fr\/wp-content\/uploads\/2022\/04\/FED-B-Manon-IMG-20220403-WA0000-1152x1536.jpg 1152w, https:\/\/meaux-gymnastique.fr\/wp-content\/uploads\/2022\/04\/FED-B-Manon-IMG-20220403-WA0000.jpg 1536w\" sizes=\"(max-width: 768px) 100vw, 768px\" \/><\/p>\n<p><img decoding=\"async\" class=\"aligncenter wp-image-2517 size-large\" src=\"https:\/\/meaux-gymnastique.fr\/wp-content\/uploads\/2022\/04\/FED-B-Manon-IMG-20220403-WA0001-768x1024.jpg\" alt=\"\" width=\"768\" height=\"1024\" srcset=\"https:\/\/meaux-gymnastique.fr\/wp-content\/uploads\/2022\/04\/FED-B-Manon-IMG-20220403-WA0001-768x1024.jpg 768w, https:\/\/meaux-gymnastique.fr\/wp-content\/uploads\/2022\/04\/FED-B-Manon-IMG-20220403-WA0001-225x300.jpg 225w, https:\/\/meaux-gymnastique.fr\/wp-content\/uploads\/2022\/04\/FED-B-Manon-IMG-20220403-WA0001-1152x1536.jpg 1152w, https:\/\/meaux-gymnastique.fr\/wp-content\/uploads\/2022\/04\/FED-B-Manon-IMG-20220403-WA0001.jpg 1200w\" sizes=\"(max-width: 768px) 100vw, 768px\" \/><\/p>\n\n<hr \/>\n<h3><span style=\"color: #ff00ff;\">CHAMPIONNAT INTERDEPARTEMENTAL 26 et 27 mars 2022 \u00e0 Massy<\/span><\/h3>\n<p><img loading=\"lazy\" decoding=\"async\" class=\"aligncenter wp-image-2510 size-large\" src=\"https:\/\/meaux-gymnastique.fr\/wp-content\/uploads\/2022\/03\/26.27-mars-2022-1024x472.jpg\" alt=\"\" width=\"800\" height=\"369\" srcset=\"https:\/\/meaux-gymnastique.fr\/wp-content\/uploads\/2022\/03\/26.27-mars-2022-1024x472.jpg 1024w, https:\/\/meaux-gymnastique.fr\/wp-content\/uploads\/2022\/03\/26.27-mars-2022-300x138.jpg 300w, https:\/\/meaux-gymnastique.fr\/wp-content\/uploads\/2022\/03\/26.27-mars-2022-768x354.jpg 768w, https:\/\/meaux-gymnastique.fr\/wp-content\/uploads\/2022\/03\/26.27-mars-2022-1536x708.jpg 1536w, https:\/\/meaux-gymnastique.fr\/wp-content\/uploads\/2022\/03\/26.27-mars-2022.jpg 1600w\" sizes=\"(max-width: 800px) 100vw, 800px\" \/><\/p>\n<p><img loading=\"lazy\" decoding=\"async\" class=\"aligncenter wp-image-2509 size-large\" src=\"https:\/\/meaux-gymnastique.fr\/wp-content\/uploads\/2022\/03\/26.27-mars-2022-Nationale-12-ans-et--1024x472.jpg\" alt=\"\" width=\"800\" height=\"369\" srcset=\"https:\/\/meaux-gymnastique.fr\/wp-content\/uploads\/2022\/03\/26.27-mars-2022-Nationale-12-ans-et--1024x472.jpg 1024w, https:\/\/meaux-gymnastique.fr\/wp-content\/uploads\/2022\/03\/26.27-mars-2022-Nationale-12-ans-et--300x138.jpg 300w, https:\/\/meaux-gymnastique.fr\/wp-content\/uploads\/2022\/03\/26.27-mars-2022-Nationale-12-ans-et--768x354.jpg 768w, https:\/\/meaux-gymnastique.fr\/wp-content\/uploads\/2022\/03\/26.27-mars-2022-Nationale-12-ans-et--1536x708.jpg 1536w, https:\/\/meaux-gymnastique.fr\/wp-content\/uploads\/2022\/03\/26.27-mars-2022-Nationale-12-ans-et-.jpg 1600w\" sizes=\"(max-width: 800px) 100vw, 800px\" \/><\/p>\n<p>\u00a0<\/p>\n\n\n<h2 class=\"has-text-align-center wp-block-heading\">_________________________________________________<\/h2>\n\n\n<h3 style=\"text-align: center;\"><strong>Championnat interd\u00e9partemental \u00e9quipes du 19 et 20 mars 2022&nbsp;<\/strong><\/h3>\n<p><img loading=\"lazy\" decoding=\"async\" class=\"aligncenter wp-image-2501 size-large\" src=\"https:\/\/meaux-gymnastique.fr\/wp-content\/uploads\/2022\/03\/IMG-20220320-WA0002-1024x768.jpg\" alt=\"\" width=\"800\" height=\"600\" srcset=\"https:\/\/meaux-gymnastique.fr\/wp-content\/uploads\/2022\/03\/IMG-20220320-WA0002-1024x768.jpg 1024w, https:\/\/meaux-gymnastique.fr\/wp-content\/uploads\/2022\/03\/IMG-20220320-WA0002-300x225.jpg 300w, https:\/\/meaux-gymnastique.fr\/wp-content\/uploads\/2022\/03\/IMG-20220320-WA0002-768x576.jpg 768w, https:\/\/meaux-gymnastique.fr\/wp-content\/uploads\/2022\/03\/IMG-20220320-WA0002-1536x1152.jpg 1536w, https:\/\/meaux-gymnastique.fr\/wp-content\/uploads\/2022\/03\/IMG-20220320-WA0002.jpg 1600w\" sizes=\"(max-width: 800px) 100vw, 800px\" \/><\/p>\n<p style=\"text-align: center;\">Equipe class\u00e9e 3\u00e8me &#8211; Troph\u00e9e r\u00e9gional 1&nbsp;&nbsp; 10-13 ans \u00e0 Herblay (Aubree-Manon)<\/p>\n<p><img loading=\"lazy\" decoding=\"async\" class=\"aligncenter wp-image-2502 size-large\" src=\"https:\/\/meaux-gymnastique.fr\/wp-content\/uploads\/2022\/03\/IMG-20220320-WA0003-1024x769.jpg\" alt=\"\" width=\"800\" height=\"601\" srcset=\"https:\/\/meaux-gymnastique.fr\/wp-content\/uploads\/2022\/03\/IMG-20220320-WA0003-1024x769.jpg 1024w, https:\/\/meaux-gymnastique.fr\/wp-content\/uploads\/2022\/03\/IMG-20220320-WA0003-300x225.jpg 300w, https:\/\/meaux-gymnastique.fr\/wp-content\/uploads\/2022\/03\/IMG-20220320-WA0003-768x576.jpg 768w, https:\/\/meaux-gymnastique.fr\/wp-content\/uploads\/2022\/03\/IMG-20220320-WA0003-1536x1153.jpg 1536w, https:\/\/meaux-gymnastique.fr\/wp-content\/uploads\/2022\/03\/IMG-20220320-WA0003.jpg 1600w\" sizes=\"(max-width: 800px) 100vw, 800px\" \/><\/p>\n<p style=\"text-align: center;\">Equipe class\u00e9e 4\u00e8me &#8211; Troph\u00e9e r\u00e9gional 2&nbsp;&nbsp;&nbsp; 9-11 ans \u00e0 Ermont (Aubree-Manon)<\/p>\n<p><img loading=\"lazy\" decoding=\"async\" class=\"aligncenter wp-image-2500 size-full\" src=\"https:\/\/meaux-gymnastique.fr\/wp-content\/uploads\/2022\/03\/IMG-20220319-WA0000.jpg\" alt=\"\" width=\"1024\" height=\"768\" srcset=\"https:\/\/meaux-gymnastique.fr\/wp-content\/uploads\/2022\/03\/IMG-20220319-WA0000.jpg 1024w, https:\/\/meaux-gymnastique.fr\/wp-content\/uploads\/2022\/03\/IMG-20220319-WA0000-300x225.jpg 300w, https:\/\/meaux-gymnastique.fr\/wp-content\/uploads\/2022\/03\/IMG-20220319-WA0000-768x576.jpg 768w\" sizes=\"(max-width: 1024px) 100vw, 1024px\" \/><\/p>\n<p style=\"text-align: center;\">Equipe class\u00e9e 4\u00e8me &#8211; F\u00e9d\u00e9rale A 10 ans et plus \u00e0 Herblay (C\u00e9lia-Emile-Aubree-Manon)<\/p>\n\n\n<h2 class=\"has-text-align-center wp-block-heading\">_________________________________________________________<\/h2>\n\n\n<h3><span style=\"color: #339966;\">Comp\u00e9tition D\u00e9partementale individuelle les 12 et 13 mars 2022 \u00e0 Pontault-Combault<\/span><\/h3>\n<p><a href=\"https:\/\/photos.app.goo.gl\/eP6t1PtarnZxEGRz9\" target=\"_blank\" rel=\"noopener\"><img loading=\"lazy\" decoding=\"async\" class=\"aligncenter size-medium wp-image-1197\" src=\"https:\/\/meaux-gymnastique.fr\/wp-content\/uploads\/2020\/01\/cliquez-ici-FDS2016-300x300.png\" alt=\"\" width=\"300\" height=\"300\" srcset=\"https:\/\/meaux-gymnastique.fr\/wp-content\/uploads\/2020\/01\/cliquez-ici-FDS2016.png 300w, https:\/\/meaux-gymnastique.fr\/wp-content\/uploads\/2020\/01\/cliquez-ici-FDS2016-150x150.png 150w\" sizes=\"(max-width: 300px) 100vw, 300px\" \/><\/a><\/p>\n<h3><span style=\"color: #ff00ff;\">Stage F\u00e9vrier 2022 &#8211; pour voir les photos<\/span><\/h3>\n<p><a href=\"https:\/\/photos.app.goo.gl\/3HSiLx2nxv7QVr666\" target=\"_blank\" rel=\"noopener\"><img loading=\"lazy\" decoding=\"async\" class=\"aligncenter size-medium wp-image-207\" src=\"https:\/\/meaux-gymnastique.fr\/wp-content\/uploads\/Ic\u00f4nes\/CliquerICI-300x139.jpg\" alt=\"\" width=\"300\" height=\"139\" srcset=\"https:\/\/meaux-gymnastique.fr\/wp-content\/uploads\/Ic\u00f4nes\/CliquerICI-300x139.jpg 300w, https:\/\/meaux-gymnastique.fr\/wp-content\/uploads\/Ic\u00f4nes\/CliquerICI.jpg 330w\" sizes=\"(max-width: 300px) 100vw, 300px\" \/><\/a><\/p>\n<h3><span style=\"color: #800080;\"><strong>Comp\u00e9tition d\u00e9partementale \u00e9quipe du 5-6 f\u00e9vrier \u00e0 Combs la Ville<\/strong><\/span><a href=\"https:\/\/photos.app.goo.gl\/FJBgKGkbfNbT7SpP8\" target=\"_blank\" rel=\"noopener\"><img loading=\"lazy\" decoding=\"async\" class=\"aligncenter size-medium wp-image-1197\" src=\"https:\/\/meaux-gymnastique.fr\/wp-content\/uploads\/2020\/01\/cliquez-ici-FDS2016-300x300.png\" alt=\"\" width=\"300\" height=\"300\" srcset=\"https:\/\/meaux-gymnastique.fr\/wp-content\/uploads\/2020\/01\/cliquez-ici-FDS2016.png 300w, https:\/\/meaux-gymnastique.fr\/wp-content\/uploads\/2020\/01\/cliquez-ici-FDS2016-150x150.png 150w\" sizes=\"(max-width: 300px) 100vw, 300px\" \/><\/a><\/h3>\n\n\n<div class=\"wp-block-image\"><figure class=\"aligncenter\"><a href=\"https:\/\/photos.app.goo.gl\/Qx91Lg5Zpm44i8S99\" target=\"_blank\" rel=\"noopener\"><img loading=\"lazy\" decoding=\"async\" width=\"1024\" height=\"632\" src=\"https:\/\/meaux-gymnastique.fr\/wp-content\/uploads\/2022\/02\/AG_2022-1024x632.jpeg\" alt=\"\" class=\"wp-image-2448\" srcset=\"https:\/\/meaux-gymnastique.fr\/wp-content\/uploads\/2022\/02\/AG_2022-1024x632.jpeg 1024w, https:\/\/meaux-gymnastique.fr\/wp-content\/uploads\/2022\/02\/AG_2022-300x185.jpeg 300w, https:\/\/meaux-gymnastique.fr\/wp-content\/uploads\/2022\/02\/AG_2022-768x474.jpeg 768w, https:\/\/meaux-gymnastique.fr\/wp-content\/uploads\/2022\/02\/AG_2022-1536x948.jpeg 1536w, https:\/\/meaux-gymnastique.fr\/wp-content\/uploads\/2022\/02\/AG_2022.jpeg 1933w\" sizes=\"(max-width: 1024px) 100vw, 1024px\" \/><\/a><\/figure><\/div>\n\n\n<h4>Vid\u00e9os poussine comp\u00e9tition<\/h4>\n<h4>et benjamine pr\u00e9-comp\u00e9tition<\/h4>\n<p><img loading=\"lazy\" decoding=\"async\" class=\"aligncenter wp-image-2457 size-large\" src=\"https:\/\/meaux-gymnastique.fr\/wp-content\/uploads\/2022\/02\/evaluation-competition-en-pre-competition-11.12.2021-photo-2-1024x683.jpg\" alt=\"\" width=\"800\" height=\"534\" srcset=\"https:\/\/meaux-gymnastique.fr\/wp-content\/uploads\/2022\/02\/evaluation-competition-en-pre-competition-11.12.2021-photo-2-1024x683.jpg 1024w, https:\/\/meaux-gymnastique.fr\/wp-content\/uploads\/2022\/02\/evaluation-competition-en-pre-competition-11.12.2021-photo-2-300x200.jpg 300w, https:\/\/meaux-gymnastique.fr\/wp-content\/uploads\/2022\/02\/evaluation-competition-en-pre-competition-11.12.2021-photo-2-768x512.jpg 768w, https:\/\/meaux-gymnastique.fr\/wp-content\/uploads\/2022\/02\/evaluation-competition-en-pre-competition-11.12.2021-photo-2-1536x1024.jpg 1536w, https:\/\/meaux-gymnastique.fr\/wp-content\/uploads\/2022\/02\/evaluation-competition-en-pre-competition-11.12.2021-photo-2-2048x1365.jpg 2048w\" sizes=\"(max-width: 800px) 100vw, 800px\" \/><\/p>\n<h4><img loading=\"lazy\" decoding=\"async\" class=\"aligncenter wp-image-2462 size-large\" src=\"https:\/\/meaux-gymnastique.fr\/wp-content\/uploads\/2022\/02\/evaluation-competition-et-pre-competition-11.12.2021-photo-5-1024x683.jpg\" alt=\"\" width=\"800\" height=\"534\" srcset=\"https:\/\/meaux-gymnastique.fr\/wp-content\/uploads\/2022\/02\/evaluation-competition-et-pre-competition-11.12.2021-photo-5-1024x683.jpg 1024w, https:\/\/meaux-gymnastique.fr\/wp-content\/uploads\/2022\/02\/evaluation-competition-et-pre-competition-11.12.2021-photo-5-300x200.jpg 300w, https:\/\/meaux-gymnastique.fr\/wp-content\/uploads\/2022\/02\/evaluation-competition-et-pre-competition-11.12.2021-photo-5-768x512.jpg 768w, https:\/\/meaux-gymnastique.fr\/wp-content\/uploads\/2022\/02\/evaluation-competition-et-pre-competition-11.12.2021-photo-5-1536x1024.jpg 1536w, https:\/\/meaux-gymnastique.fr\/wp-content\/uploads\/2022\/02\/evaluation-competition-et-pre-competition-11.12.2021-photo-5-2048x1365.jpg 2048w\" sizes=\"(max-width: 800px) 100vw, 800px\" \/><\/h4>\n<h4>Pour voir toutes les vid\u00e9os cliquez sur le lien<\/h4>\n<h4>YouTube <a href=\"https:\/\/www.youtube.com\/channel\/UC4-yP01rMFvnX2Lo0s2DLSA\/videos\" target=\"_blank\" rel=\"noopener\">MEAUX GYMNASTIQUE TV<\/a><\/h4>\n<p><a href=\"https:\/\/www.youtube.com\/channel\/UC4-yP01rMFvnX2Lo0s2DLSA\/videos\" target=\"_blank\" rel=\"noopener\"><img loading=\"lazy\" decoding=\"async\" class=\"aligncenter size-medium wp-image-1150\" src=\"https:\/\/meaux-gymnastique.fr\/wp-content\/uploads\/2019\/12\/youtube-nouveau-logo-300x144.jpg\" alt=\"\" width=\"300\" height=\"144\" srcset=\"https:\/\/meaux-gymnastique.fr\/wp-content\/uploads\/2019\/12\/youtube-nouveau-logo-300x144.jpg 300w, https:\/\/meaux-gymnastique.fr\/wp-content\/uploads\/2019\/12\/youtube-nouveau-logo-768x368.jpg 768w, https:\/\/meaux-gymnastique.fr\/wp-content\/uploads\/2019\/12\/youtube-nouveau-logo.jpg 840w\" sizes=\"(max-width: 300px) 100vw, 300px\" \/><\/a><\/p>\n<p><\/p>\n\n\n<h3 class=\"wp-block-heading\">Vid\u00e9os poussines loisir 2eme tour<\/h3>\n\n\n\n<h4 class=\"wp-block-heading\"><img loading=\"lazy\" decoding=\"async\" class=\"aligncenter wp-image-2436 size-full\" src=\"https:\/\/meaux-gymnastique.fr\/wp-content\/uploads\/2022\/02\/MLF_7585-scaled.jpg\" alt=\"\" width=\"2560\" height=\"1706\" srcset=\"https:\/\/meaux-gymnastique.fr\/wp-content\/uploads\/2022\/02\/MLF_7585-scaled.jpg 2560w, https:\/\/meaux-gymnastique.fr\/wp-content\/uploads\/2022\/02\/MLF_7585-300x200.jpg 300w, https:\/\/meaux-gymnastique.fr\/wp-content\/uploads\/2022\/02\/MLF_7585-1024x683.jpg 1024w, https:\/\/meaux-gymnastique.fr\/wp-content\/uploads\/2022\/02\/MLF_7585-768x512.jpg 768w, https:\/\/meaux-gymnastique.fr\/wp-content\/uploads\/2022\/02\/MLF_7585-1536x1024.jpg 1536w, https:\/\/meaux-gymnastique.fr\/wp-content\/uploads\/2022\/02\/MLF_7585-2048x1365.jpg 2048w\" sizes=\"(max-width: 2560px) 100vw, 2560px\" \/><img loading=\"lazy\" decoding=\"async\" class=\"aligncenter wp-image-2437 size-full\" src=\"https:\/\/meaux-gymnastique.fr\/wp-content\/uploads\/2022\/02\/MLF_7588.jpg\" alt=\"\" width=\"1024\" height=\"682\" srcset=\"https:\/\/meaux-gymnastique.fr\/wp-content\/uploads\/2022\/02\/MLF_7588.jpg 1024w, https:\/\/meaux-gymnastique.fr\/wp-content\/uploads\/2022\/02\/MLF_7588-300x200.jpg 300w, https:\/\/meaux-gymnastique.fr\/wp-content\/uploads\/2022\/02\/MLF_7588-768x512.jpg 768w\" sizes=\"(max-width: 1024px) 100vw, 1024px\" \/>Pour voir toutes les vid\u00e9os cliquez sur le lien<\/h4>\n\n\n\n<h4 class=\"wp-block-heading\">YouTube <a href=\"https:\/\/www.youtube.com\/channel\/UC4-yP01rMFvnX2Lo0s2DLSA\/videos\" target=\"_blank\" rel=\"noopener\"><span style=\"color: #000080;\">MEAUX GYMNASTIQUE TV<\/span><\/a><\/h4>\n\n\n\n<div class=\"wp-block-image\"><figure class=\"aligncenter\"><a href=\"https:\/\/www.youtube.com\/channel\/UC4-yP01rMFvnX2Lo0s2DLSA\/videos\" target=\"_blank\" rel=\"noopener\"><img loading=\"lazy\" decoding=\"async\" width=\"300\" height=\"144\" src=\"https:\/\/meaux-gymnastique.fr\/wp-content\/uploads\/2019\/12\/youtube-nouveau-logo-300x144.jpg\" alt=\"\" class=\"wp-image-1150\" srcset=\"https:\/\/meaux-gymnastique.fr\/wp-content\/uploads\/2019\/12\/youtube-nouveau-logo-300x144.jpg 300w, https:\/\/meaux-gymnastique.fr\/wp-content\/uploads\/2019\/12\/youtube-nouveau-logo-768x368.jpg 768w, https:\/\/meaux-gymnastique.fr\/wp-content\/uploads\/2019\/12\/youtube-nouveau-logo.jpg 840w\" sizes=\"(max-width: 300px) 100vw, 300px\" \/><\/a><\/figure><\/div>\n\n\n\n<p><strong class=\"transfer_display_name_with_message\">Photos groupe comp\u00e9tition et pr\u00e9-comp\u00e9tition <\/strong><strong>photo du 11 d\u00e9cembre \u00e9valuation poussine comp\u00e9tition et benjamine pr\u00e9-comp\u00e9tition<\/strong><\/p>\n\n\n\n<div class=\"wp-block-image\"><figure class=\"aligncenter\"><img loading=\"lazy\" decoding=\"async\" width=\"1024\" height=\"683\" src=\"https:\/\/meaux-gymnastique.fr\/wp-content\/uploads\/2022\/01\/MLF_7191.jpg\" alt=\"\" class=\"wp-image-2433\" srcset=\"https:\/\/meaux-gymnastique.fr\/wp-content\/uploads\/2022\/01\/MLF_7191.jpg 1024w, https:\/\/meaux-gymnastique.fr\/wp-content\/uploads\/2022\/01\/MLF_7191-300x200.jpg 300w, https:\/\/meaux-gymnastique.fr\/wp-content\/uploads\/2022\/01\/MLF_7191-768x512.jpg 768w\" sizes=\"(max-width: 1024px) 100vw, 1024px\" \/><\/figure><\/div>\n\n\n\n<p class=\"has-text-align-center\"><em>pour voir les photos cliquez sur le lien&nbsp;<\/em><\/p>\n\n\n<h5>Vid\u00e9os poussines Loisir 1er tout<\/h5>\n<p><img loading=\"lazy\" decoding=\"async\" class=\"wp-image-2454 size-large aligncenter\" src=\"https:\/\/meaux-gymnastique.fr\/wp-content\/uploads\/2022\/02\/evaluation-loisir-1er-tour-11.12.2021-photo-2-1024x684.jpg\" alt=\"\" width=\"800\" height=\"534\" srcset=\"https:\/\/meaux-gymnastique.fr\/wp-content\/uploads\/2022\/02\/evaluation-loisir-1er-tour-11.12.2021-photo-2-1024x684.jpg 1024w, https:\/\/meaux-gymnastique.fr\/wp-content\/uploads\/2022\/02\/evaluation-loisir-1er-tour-11.12.2021-photo-2-300x200.jpg 300w, https:\/\/meaux-gymnastique.fr\/wp-content\/uploads\/2022\/02\/evaluation-loisir-1er-tour-11.12.2021-photo-2-768x513.jpg 768w, https:\/\/meaux-gymnastique.fr\/wp-content\/uploads\/2022\/02\/evaluation-loisir-1er-tour-11.12.2021-photo-2-1536x1025.jpg 1536w, https:\/\/meaux-gymnastique.fr\/wp-content\/uploads\/2022\/02\/evaluation-loisir-1er-tour-11.12.2021-photo-2-2048x1367.jpg 2048w\" sizes=\"(max-width: 800px) 100vw, 800px\" \/><\/p>\n<h4><img loading=\"lazy\" decoding=\"async\" class=\"aligncenter wp-image-2455 size-large\" src=\"https:\/\/meaux-gymnastique.fr\/wp-content\/uploads\/2022\/02\/evaluation-loisir-1er-tour-11.12.2021-photo-3-1024x683.jpg\" alt=\"\" width=\"800\" height=\"534\" srcset=\"https:\/\/meaux-gymnastique.fr\/wp-content\/uploads\/2022\/02\/evaluation-loisir-1er-tour-11.12.2021-photo-3-1024x683.jpg 1024w, https:\/\/meaux-gymnastique.fr\/wp-content\/uploads\/2022\/02\/evaluation-loisir-1er-tour-11.12.2021-photo-3-300x200.jpg 300w, https:\/\/meaux-gymnastique.fr\/wp-content\/uploads\/2022\/02\/evaluation-loisir-1er-tour-11.12.2021-photo-3-768x512.jpg 768w, https:\/\/meaux-gymnastique.fr\/wp-content\/uploads\/2022\/02\/evaluation-loisir-1er-tour-11.12.2021-photo-3-1536x1024.jpg 1536w, https:\/\/meaux-gymnastique.fr\/wp-content\/uploads\/2022\/02\/evaluation-loisir-1er-tour-11.12.2021-photo-3-2048x1365.jpg 2048w\" sizes=\"(max-width: 800px) 100vw, 800px\" \/><\/h4>\n<h4 style=\"text-align: center;\">Pour voir toutes les vid\u00e9os cliquez sur le lien<\/h4>\n<h4 style=\"text-align: center;\">YouTube <a href=\"https:\/\/www.youtube.com\/channel\/UC4-yP01rMFvnX2Lo0s2DLSA\/videos\" target=\"_blank\" rel=\"noopener\">MEAUX GYMNASTIQUE TV<\/a><\/h4>\n<p><a href=\"https:\/\/www.youtube.com\/channel\/UC4-yP01rMFvnX2Lo0s2DLSA\/videos\" target=\"_blank\" rel=\"noopener\"><img loading=\"lazy\" decoding=\"async\" class=\"aligncenter size-medium wp-image-1150\" src=\"https:\/\/meaux-gymnastique.fr\/wp-content\/uploads\/2019\/12\/youtube-nouveau-logo-300x144.jpg\" alt=\"\" width=\"300\" height=\"144\" srcset=\"https:\/\/meaux-gymnastique.fr\/wp-content\/uploads\/2019\/12\/youtube-nouveau-logo-300x144.jpg 300w, https:\/\/meaux-gymnastique.fr\/wp-content\/uploads\/2019\/12\/youtube-nouveau-logo-768x368.jpg 768w, https:\/\/meaux-gymnastique.fr\/wp-content\/uploads\/2019\/12\/youtube-nouveau-logo.jpg 840w\" sizes=\"(max-width: 300px) 100vw, 300px\" \/><\/a><\/p>\n<p><\/p>\n\n\n<div class=\"wp-block-image\"><figure class=\"aligncenter\"><a href=\"https:\/\/photos.app.goo.gl\/qptzgjZCWrXKFmx87\" target=\"_blank\" rel=\"noopener\"><img loading=\"lazy\" decoding=\"async\" width=\"300\" height=\"139\" src=\"https:\/\/meaux-gymnastique.fr\/wp-content\/uploads\/Ic\u00f4nes\/CliquerICI-300x139.jpg\" alt=\"\" class=\"wp-image-207\" srcset=\"https:\/\/meaux-gymnastique.fr\/wp-content\/uploads\/Ic\u00f4nes\/CliquerICI-300x139.jpg 300w, https:\/\/meaux-gymnastique.fr\/wp-content\/uploads\/Ic\u00f4nes\/CliquerICI.jpg 330w\" sizes=\"(max-width: 300px) 100vw, 300px\" \/><\/a><\/figure><\/div>\n\n\n<a href=\"https:\/\/meaux-gymnastique.fr\/wp-content\/uploads\/2021\/12\/Institut-de-Biomecanique-Humaine-Georges-Charpak-V2.pdf\" class=\"pdfemb-viewer\" style=\"\" data-width=\"max\" data-height=\"max\" data-toolbar=\"bottom\" data-toolbar-fixed=\"off\">Institut-de-Biomecanique-Humaine-Georges-Charpak-V2<\/a>\n<p class=\"wp-block-pdfemb-pdf-embedder-viewer\"><\/p>\n\n\n<h4><strong><span style=\"color: #ff6600;\">Animation HALLOWEEN novembre 2021<\/span>&nbsp;<\/strong><\/h4>\n<p>Pour voir toutes les photos cliquez sur le lien<\/p>\n<p><a href=\"https:\/\/photos.app.goo.gl\/ZJKhbyrqXtyrH93C8\" target=\"_blank\" rel=\"noopener\"><img loading=\"lazy\" decoding=\"async\" class=\"aligncenter size-medium wp-image-207\" src=\"https:\/\/meaux-gymnastique.fr\/wp-content\/uploads\/Ic\u00f4nes\/CliquerICI-300x139.jpg\" alt=\"\" width=\"300\" height=\"139\" srcset=\"https:\/\/meaux-gymnastique.fr\/wp-content\/uploads\/Ic\u00f4nes\/CliquerICI-300x139.jpg 300w, https:\/\/meaux-gymnastique.fr\/wp-content\/uploads\/Ic\u00f4nes\/CliquerICI.jpg 330w\" sizes=\"(max-width: 300px) 100vw, 300px\" \/><\/a><\/p>\n<p>&#8212;<\/p>\n\n\n<h2 class=\"has-text-align-center wp-block-heading\">________________________________________________________________<\/h2>\n\n\n<h1 style=\"text-align: center;\"><strong>Astria NELO <\/strong><\/h1>\n<p style=\"text-align: center;\">1\u00e8re des Espoirs, 13 ans, Elite Gym Massilia, tournoi international du 13\/11\/2021 \u00e0 Marseille.<\/p>\n<p><img loading=\"lazy\" decoding=\"async\" class=\"aligncenter wp-image-2492 size-full\" src=\"https:\/\/meaux-gymnastique.fr\/wp-content\/uploads\/2022\/03\/Astia-Nelo.jpg\" alt=\"\" width=\"782\" height=\"1024\" srcset=\"https:\/\/meaux-gymnastique.fr\/wp-content\/uploads\/2022\/03\/Astia-Nelo.jpg 782w, https:\/\/meaux-gymnastique.fr\/wp-content\/uploads\/2022\/03\/Astia-Nelo-229x300.jpg 229w, https:\/\/meaux-gymnastique.fr\/wp-content\/uploads\/2022\/03\/Astia-Nelo-768x1006.jpg 768w\" sizes=\"(max-width: 782px) 100vw, 782px\" \/><\/p>","protected":false},"excerpt":{"rendered":"<p>\u00a0 \u00c9v\u00e8nement comp\u00e9titif du 2 et 3 avril 2022 CHAMPIONNAT INTERDEPARTEMENTAL 26 et 27 mars 2022 \u00e0 Massy \u00a0 _________________________________________________<\/p>\n","protected":false},"author":1,"featured_media":0,"parent":0,"menu_order":0,"comment_status":"closed","ping_status":"closed","template":"","meta":{"colormag_page_container_layout":"no_sidebar_full_width","colormag_page_sidebar_layout":"no_sidebar","jetpack_post_was_ever_published":false,"footnotes":""},"class_list":["post-2341","page","type-page","status-publish","hentry"],"jetpack_sharing_enabled":true,"_links":{"self":[{"href":"https:\/\/meaux-gymnastique.fr\/index.php\/wp-json\/wp\/v2\/pages\/2341","targetHints":{"allow":["GET"]}}],"collection":[{"href":"https:\/\/meaux-gymnastique.fr\/index.php\/wp-json\/wp\/v2\/pages"}],"about":[{"href":"https:\/\/meaux-gymnastique.fr\/index.php\/wp-json\/wp\/v2\/types\/page"}],"author":[{"embeddable":true,"href":"https:\/\/meaux-gymnastique.fr\/index.php\/wp-json\/wp\/v2\/users\/1"}],"replies":[{"embeddable":true,"href":"https:\/\/meaux-gymnastique.fr\/index.php\/wp-json\/wp\/v2\/comments?post=2341"}],"version-history":[{"count":32,"href":"https:\/\/meaux-gymnastique.fr\/index.php\/wp-json\/wp\/v2\/pages\/2341\/revisions"}],"predecessor-version":[{"id":2775,"href":"https:\/\/meaux-gymnastique.fr\/index.php\/wp-json\/wp\/v2\/pages\/2341\/revisions\/2775"}],"wp:attachment":[{"href":"https:\/\/meaux-gymnastique.fr\/index.php\/wp-json\/wp\/v2\/media?parent=2341"}],"curies":[{"name":"wp","href":"https:\/\/api.w.org\/{rel}","templated":true}]}}