{"id":2481,"date":"2022-03-25T10:00:36","date_gmt":"2022-03-25T09:00:36","guid":{"rendered":"https:\/\/meaux-gymnastique.fr\/?page_id=2481"},"modified":"2025-10-16T14:21:05","modified_gmt":"2025-10-16T12:21:05","slug":"assemblee-generale-du-10-fevrier-2022","status":"publish","type":"page","link":"https:\/\/meaux-gymnastique.fr\/index.php\/assemblee-generale-du-10-fevrier-2022\/","title":{"rendered":"Assembl\u00e9e G\u00e9n\u00e9rale du 10 f\u00e9vrier 2022"},"content":{"rendered":"<h5><a href=\"https:\/\/meaux-gymnastique.fr\/wp-content\/uploads\/2022\/03\/ASSEMBLEE-GENERALE-2020-2021-DU-10-FEVRIER-2022.pdf\" target=\"_blank\" rel=\"noopener\">Compte rendu de l&rsquo;AG<\/a><\/h5>\n<h5>Pr\u00e9sentation saison sportive 2021-2022<\/h5>\n<p style=\"text-align: center;\"><em>(cliquez sur le lien pour lire le document)<\/em><\/p>\n\n\n<p><\/p>\n","protected":false},"excerpt":{"rendered":"<p>Compte rendu de l&rsquo;AG Pr\u00e9sentation saison sportive 2021-2022 (cliquez sur le lien pour lire le document)<\/p>\n","protected":false},"author":1,"featured_media":0,"parent":0,"menu_order":0,"comment_status":"closed","ping_status":"closed","template":"","meta":{"colormag_page_container_layout":"default_layout","colormag_page_sidebar_layout":"default_layout","jetpack_post_was_ever_published":false,"footnotes":""},"class_list":["post-2481","page","type-page","status-publish","hentry"],"jetpack_sharing_enabled":true,"_links":{"self":[{"href":"https:\/\/meaux-gymnastique.fr\/index.php\/wp-json\/wp\/v2\/pages\/2481","targetHints":{"allow":["GET"]}}],"collection":[{"href":"https:\/\/meaux-gymnastique.fr\/index.php\/wp-json\/wp\/v2\/pages"}],"about":[{"href":"https:\/\/meaux-gymnastique.fr\/index.php\/wp-json\/wp\/v2\/types\/page"}],"author":[{"embeddable":true,"href":"https:\/\/meaux-gymnastique.fr\/index.php\/wp-json\/wp\/v2\/users\/1"}],"replies":[{"embeddable":true,"href":"https:\/\/meaux-gymnastique.fr\/index.php\/wp-json\/wp\/v2\/comments?post=2481"}],"version-history":[{"count":4,"href":"https:\/\/meaux-gymnastique.fr\/index.php\/wp-json\/wp\/v2\/pages\/2481\/revisions"}],"predecessor-version":[{"id":3868,"href":"https:\/\/meaux-gymnastique.fr\/index.php\/wp-json\/wp\/v2\/pages\/2481\/revisions\/3868"}],"wp:attachment":[{"href":"https:\/\/meaux-gymnastique.fr\/index.php\/wp-json\/wp\/v2\/media?parent=2481"}],"curies":[{"name":"wp","href":"https:\/\/api.w.org\/{rel}","templated":true}]}}