{"id":2856,"date":"2023-03-25T17:34:53","date_gmt":"2023-03-25T16:34:53","guid":{"rendered":"https:\/\/meaux-gymnastique.fr\/?page_id=2856"},"modified":"2025-10-16T14:23:28","modified_gmt":"2025-10-16T12:23:28","slug":"assemblee-generale-du-14-12-2022","status":"publish","type":"page","link":"https:\/\/meaux-gymnastique.fr\/index.php\/assemblee-generale-du-14-12-2022\/","title":{"rendered":"Assembl\u00e9e G\u00e9n\u00e9rale du 14\/12\/2022"},"content":{"rendered":"<p><a href=\"https:\/\/meaux-gymnastique.fr\/wp-content\/uploads\/2023\/03\/A.G-au-14.12.2022.pdf\" target=\"_blank\" rel=\"noopener\">Rapport saison 2021\/2022<\/a><\/p>\n<p><a href=\"https:\/\/meaux-gymnastique.fr\/wp-content\/uploads\/2023\/03\/Budget-previsionnel-2022.2023.pdf\" target=\"_blank\" rel=\"noopener\">Budget pr\u00e9visionnel 2022\/2023<\/a><\/p>\n<p>Pr\u00e9sentation saison sportive 2021-2022<\/p>\n","protected":false},"excerpt":{"rendered":"<p>Rapport saison 2021\/2022 Budget pr\u00e9visionnel 2022\/2023 Pr\u00e9sentation saison sportive 2021-2022<\/p>\n","protected":false},"author":1,"featured_media":0,"parent":0,"menu_order":0,"comment_status":"closed","ping_status":"closed","template":"","meta":{"colormag_page_container_layout":"default_layout","colormag_page_sidebar_layout":"default_layout","jetpack_post_was_ever_published":false,"footnotes":""},"class_list":["post-2856","page","type-page","status-publish","hentry"],"jetpack_sharing_enabled":true,"_links":{"self":[{"href":"https:\/\/meaux-gymnastique.fr\/index.php\/wp-json\/wp\/v2\/pages\/2856","targetHints":{"allow":["GET"]}}],"collection":[{"href":"https:\/\/meaux-gymnastique.fr\/index.php\/wp-json\/wp\/v2\/pages"}],"about":[{"href":"https:\/\/meaux-gymnastique.fr\/index.php\/wp-json\/wp\/v2\/types\/page"}],"author":[{"embeddable":true,"href":"https:\/\/meaux-gymnastique.fr\/index.php\/wp-json\/wp\/v2\/users\/1"}],"replies":[{"embeddable":true,"href":"https:\/\/meaux-gymnastique.fr\/index.php\/wp-json\/wp\/v2\/comments?post=2856"}],"version-history":[{"count":5,"href":"https:\/\/meaux-gymnastique.fr\/index.php\/wp-json\/wp\/v2\/pages\/2856\/revisions"}],"predecessor-version":[{"id":3869,"href":"https:\/\/meaux-gymnastique.fr\/index.php\/wp-json\/wp\/v2\/pages\/2856\/revisions\/3869"}],"wp:attachment":[{"href":"https:\/\/meaux-gymnastique.fr\/index.php\/wp-json\/wp\/v2\/media?parent=2856"}],"curies":[{"name":"wp","href":"https:\/\/api.w.org\/{rel}","templated":true}]}}