{"id":301,"date":"2019-10-21T18:25:01","date_gmt":"2019-10-21T16:25:01","guid":{"rendered":"http:\/\/meaux-gymnastique.fr\/?page_id=301"},"modified":"2020-03-02T13:01:10","modified_gmt":"2020-03-02T12:01:10","slug":"top12-saison-2019-2020","status":"publish","type":"page","link":"https:\/\/meaux-gymnastique.fr\/index.php\/top-12\/top12-saison-2019-2020\/","title":{"rendered":"TOP12 saison 2019-2020"},"content":{"rendered":"<h2 style=\"text-align: center;\">MEAUX 28 &#8211; ROUEN 20<\/h2>\n<p><img fetchpriority=\"high\" decoding=\"async\" class=\"aligncenter wp-image-1503 size-full\" src=\"https:\/\/meaux-gymnastique.fr\/wp-content\/uploads\/2020\/03\/Capture-d\u2019\u00e9cran-2020-03-02-\u00e0-12.00.21.jpg\" alt=\"\" width=\"721\" height=\"219\" srcset=\"https:\/\/meaux-gymnastique.fr\/wp-content\/uploads\/2020\/03\/Capture-d\u2019\u00e9cran-2020-03-02-\u00e0-12.00.21.jpg 721w, https:\/\/meaux-gymnastique.fr\/wp-content\/uploads\/2020\/03\/Capture-d\u2019\u00e9cran-2020-03-02-\u00e0-12.00.21-300x91.jpg 300w\" sizes=\"(max-width: 721px) 100vw, 721px\" \/><\/p>\n<p>Tous les r\u00e9sultats<\/p>\n<p><a href=\"https:\/\/www.ffgym.fr\/Evenement\/2020_-_02_-_g_a_f_-_t_o_p_12_-_troisieme_journee\" target=\"_blank\" rel=\"noopener noreferrer\"><img decoding=\"async\" class=\"size-thumbnail wp-image-1197 aligncenter\" src=\"https:\/\/meaux-gymnastique.fr\/wp-content\/uploads\/2020\/01\/cliquez-ici-FDS2016-150x150.png\" alt=\"\" width=\"150\" height=\"150\" srcset=\"https:\/\/meaux-gymnastique.fr\/wp-content\/uploads\/2020\/01\/cliquez-ici-FDS2016-150x150.png 150w, https:\/\/meaux-gymnastique.fr\/wp-content\/uploads\/2020\/01\/cliquez-ici-FDS2016.png 300w\" sizes=\"(max-width: 150px) 100vw, 150px\" \/><img decoding=\"async\" class=\"aligncenter wp-image-1507 size-full\" src=\"https:\/\/meaux-gymnastique.fr\/wp-content\/uploads\/2020\/03\/patrick-boisdron-9876-2-scaled.jpg\" alt=\"\" width=\"2560\" height=\"1954\" srcset=\"https:\/\/meaux-gymnastique.fr\/wp-content\/uploads\/2020\/03\/patrick-boisdron-9876-2-scaled.jpg 2560w, https:\/\/meaux-gymnastique.fr\/wp-content\/uploads\/2020\/03\/patrick-boisdron-9876-2-300x229.jpg 300w, https:\/\/meaux-gymnastique.fr\/wp-content\/uploads\/2020\/03\/patrick-boisdron-9876-2-1024x781.jpg 1024w, https:\/\/meaux-gymnastique.fr\/wp-content\/uploads\/2020\/03\/patrick-boisdron-9876-2-768x586.jpg 768w, https:\/\/meaux-gymnastique.fr\/wp-content\/uploads\/2020\/03\/patrick-boisdron-9876-2-1536x1172.jpg 1536w, https:\/\/meaux-gymnastique.fr\/wp-content\/uploads\/2020\/03\/patrick-boisdron-9876-2-2048x1563.jpg 2048w\" sizes=\"(max-width: 2560px) 100vw, 2560px\" \/><\/a><\/p>\n<p><img loading=\"lazy\" decoding=\"async\" class=\"aligncenter wp-image-1518 size-full\" src=\"https:\/\/meaux-gymnastique.fr\/wp-content\/uploads\/2020\/03\/Capture-d\u2019\u00e9cran-2020-03-02-\u00e0-12.52.20.jpg\" alt=\"\" width=\"1040\" height=\"684\" srcset=\"https:\/\/meaux-gymnastique.fr\/wp-content\/uploads\/2020\/03\/Capture-d\u2019\u00e9cran-2020-03-02-\u00e0-12.52.20.jpg 1040w, https:\/\/meaux-gymnastique.fr\/wp-content\/uploads\/2020\/03\/Capture-d\u2019\u00e9cran-2020-03-02-\u00e0-12.52.20-300x197.jpg 300w, https:\/\/meaux-gymnastique.fr\/wp-content\/uploads\/2020\/03\/Capture-d\u2019\u00e9cran-2020-03-02-\u00e0-12.52.20-1024x673.jpg 1024w, https:\/\/meaux-gymnastique.fr\/wp-content\/uploads\/2020\/03\/Capture-d\u2019\u00e9cran-2020-03-02-\u00e0-12.52.20-768x505.jpg 768w\" sizes=\"(max-width: 1040px) 100vw, 1040px\" \/><\/p>\n<p><img loading=\"lazy\" decoding=\"async\" class=\"aligncenter wp-image-1517 size-full\" src=\"https:\/\/meaux-gymnastique.fr\/wp-content\/uploads\/2020\/03\/Capture-d\u2019\u00e9cran-2020-03-02-\u00e0-12.52.36.jpg\" alt=\"\" width=\"994\" height=\"688\" srcset=\"https:\/\/meaux-gymnastique.fr\/wp-content\/uploads\/2020\/03\/Capture-d\u2019\u00e9cran-2020-03-02-\u00e0-12.52.36.jpg 994w, https:\/\/meaux-gymnastique.fr\/wp-content\/uploads\/2020\/03\/Capture-d\u2019\u00e9cran-2020-03-02-\u00e0-12.52.36-300x208.jpg 300w, https:\/\/meaux-gymnastique.fr\/wp-content\/uploads\/2020\/03\/Capture-d\u2019\u00e9cran-2020-03-02-\u00e0-12.52.36-768x532.jpg 768w, https:\/\/meaux-gymnastique.fr\/wp-content\/uploads\/2020\/03\/Capture-d\u2019\u00e9cran-2020-03-02-\u00e0-12.52.36-392x272.jpg 392w, https:\/\/meaux-gymnastique.fr\/wp-content\/uploads\/2020\/03\/Capture-d\u2019\u00e9cran-2020-03-02-\u00e0-12.52.36-130x90.jpg 130w\" sizes=\"(max-width: 994px) 100vw, 994px\" \/><\/p>\n\n\n<h4 class=\"has-text-align-center wp-block-heading\"><strong>Les photos de la comp\u00e9tition par Fran\u00e7oise Fauvel<\/strong><\/h4>\n\n\n<p><a href=\"https:\/\/photos.app.goo.gl\/A17qqFHyypTywo2n7\" target=\"_blank\" rel=\"noopener noreferrer\"><img loading=\"lazy\" decoding=\"async\" class=\"aligncenter size-thumbnail wp-image-1197\" src=\"https:\/\/meaux-gymnastique.fr\/wp-content\/uploads\/2020\/01\/cliquez-ici-FDS2016-150x150.png\" alt=\"\" width=\"150\" height=\"150\" srcset=\"https:\/\/meaux-gymnastique.fr\/wp-content\/uploads\/2020\/01\/cliquez-ici-FDS2016-150x150.png 150w, https:\/\/meaux-gymnastique.fr\/wp-content\/uploads\/2020\/01\/cliquez-ici-FDS2016.png 300w\" sizes=\"(max-width: 150px) 100vw, 150px\" \/><\/a><\/p>\n<p><img loading=\"lazy\" decoding=\"async\" class=\"aligncenter wp-image-942 size-full\" src=\"https:\/\/meaux-gymnastique.fr\/wp-content\/uploads\/2019\/12\/Affiche-TOP12image001.png\" alt=\"\" width=\"322\" height=\"455\" srcset=\"https:\/\/meaux-gymnastique.fr\/wp-content\/uploads\/2019\/12\/Affiche-TOP12image001.png 322w, https:\/\/meaux-gymnastique.fr\/wp-content\/uploads\/2019\/12\/Affiche-TOP12image001-212x300.png 212w\" sizes=\"(max-width: 322px) 100vw, 322px\" \/><\/p>\n<p><img loading=\"lazy\" decoding=\"async\" class=\"aligncenter wp-image-1470 size-full\" src=\"https:\/\/meaux-gymnastique.fr\/wp-content\/uploads\/2020\/02\/1575742195-TOP-12-GAF-2019-2020-Classement-Poules-J2.png\" alt=\"\" width=\"1778\" height=\"1241\" srcset=\"https:\/\/meaux-gymnastique.fr\/wp-content\/uploads\/2020\/02\/1575742195-TOP-12-GAF-2019-2020-Classement-Poules-J2.png 1778w, https:\/\/meaux-gymnastique.fr\/wp-content\/uploads\/2020\/02\/1575742195-TOP-12-GAF-2019-2020-Classement-Poules-J2-300x209.png 300w, https:\/\/meaux-gymnastique.fr\/wp-content\/uploads\/2020\/02\/1575742195-TOP-12-GAF-2019-2020-Classement-Poules-J2-1024x715.png 1024w, https:\/\/meaux-gymnastique.fr\/wp-content\/uploads\/2020\/02\/1575742195-TOP-12-GAF-2019-2020-Classement-Poules-J2-768x536.png 768w, https:\/\/meaux-gymnastique.fr\/wp-content\/uploads\/2020\/02\/1575742195-TOP-12-GAF-2019-2020-Classement-Poules-J2-1536x1072.png 1536w, https:\/\/meaux-gymnastique.fr\/wp-content\/uploads\/2020\/02\/1575742195-TOP-12-GAF-2019-2020-Classement-Poules-J2-130x90.png 130w\" sizes=\"(max-width: 1778px) 100vw, 1778px\" \/><\/p>\n<p><img loading=\"lazy\" decoding=\"async\" class=\"aligncenter wp-image-1472 size-full\" src=\"https:\/\/meaux-gymnastique.fr\/wp-content\/uploads\/2020\/02\/1575742216-TOP-12-GAF-2019-2020-Classement-Vertical-J2.png\" alt=\"\" width=\"1778\" height=\"1241\" srcset=\"https:\/\/meaux-gymnastique.fr\/wp-content\/uploads\/2020\/02\/1575742216-TOP-12-GAF-2019-2020-Classement-Vertical-J2.png 1778w, https:\/\/meaux-gymnastique.fr\/wp-content\/uploads\/2020\/02\/1575742216-TOP-12-GAF-2019-2020-Classement-Vertical-J2-300x209.png 300w, https:\/\/meaux-gymnastique.fr\/wp-content\/uploads\/2020\/02\/1575742216-TOP-12-GAF-2019-2020-Classement-Vertical-J2-1024x715.png 1024w, https:\/\/meaux-gymnastique.fr\/wp-content\/uploads\/2020\/02\/1575742216-TOP-12-GAF-2019-2020-Classement-Vertical-J2-768x536.png 768w, https:\/\/meaux-gymnastique.fr\/wp-content\/uploads\/2020\/02\/1575742216-TOP-12-GAF-2019-2020-Classement-Vertical-J2-1536x1072.png 1536w, https:\/\/meaux-gymnastique.fr\/wp-content\/uploads\/2020\/02\/1575742216-TOP-12-GAF-2019-2020-Classement-Vertical-J2-130x90.png 130w\" sizes=\"(max-width: 1778px) 100vw, 1778px\" \/><\/p>\n<a href=\"https:\/\/meaux-gymnastique.fr\/wp-content\/uploads\/2019\/10\/TOP-12-GAF-2019-2020-Annexe-4-Calendrier.pdf\" class=\"pdfemb-viewer\" style=\"\" data-width=\"max\" data-height=\"max\" data-toolbar=\"bottom\" data-toolbar-fixed=\"off\">TOP 12 GAF 2019-2020 \u2013 Annexe 4 \u2013 Calendrier<\/a>\n<h2><strong>Vid\u00e9o de pr\u00e9sentation du TOP12 par Omaima Tounan<\/strong><\/h2>\n<p><a href=\"https:\/\/youtu.be\/AzQmlQ3lqIo\"><img loading=\"lazy\" decoding=\"async\" class=\"aligncenter size-thumbnail wp-image-999\" src=\"https:\/\/meaux-gymnastique.fr\/wp-content\/uploads\/Ic\u00f4nes\/34204902-cliquez-sur-l-ic\u00f4ne-ici-plat-touche-no\u00ebl-150x150.jpg\" alt=\"\" width=\"150\" height=\"150\" srcset=\"https:\/\/meaux-gymnastique.fr\/wp-content\/uploads\/Ic\u00f4nes\/34204902-cliquez-sur-l-ic\u00f4ne-ici-plat-touche-no\u00ebl-150x150.jpg 150w, https:\/\/meaux-gymnastique.fr\/wp-content\/uploads\/Ic\u00f4nes\/34204902-cliquez-sur-l-ic\u00f4ne-ici-plat-touche-no\u00ebl-300x300.jpg 300w, https:\/\/meaux-gymnastique.fr\/wp-content\/uploads\/Ic\u00f4nes\/34204902-cliquez-sur-l-ic\u00f4ne-ici-plat-touche-no\u00ebl-1024x1024.jpg 1024w, https:\/\/meaux-gymnastique.fr\/wp-content\/uploads\/Ic\u00f4nes\/34204902-cliquez-sur-l-ic\u00f4ne-ici-plat-touche-no\u00ebl-768x768.jpg 768w, https:\/\/meaux-gymnastique.fr\/wp-content\/uploads\/Ic\u00f4nes\/34204902-cliquez-sur-l-ic\u00f4ne-ici-plat-touche-no\u00ebl.jpg 1300w\" sizes=\"(max-width: 150px) 100vw, 150px\" \/><\/a><\/p>","protected":false},"excerpt":{"rendered":"<p>MEAUX 28 &#8211; ROUEN 20 Tous les r\u00e9sultats Les photos de la comp\u00e9tition par Fran\u00e7oise Fauvel Vid\u00e9o de pr\u00e9sentation du<\/p>\n","protected":false},"author":1,"featured_media":0,"parent":283,"menu_order":0,"comment_status":"closed","ping_status":"closed","template":"","meta":{"colormag_page_container_layout":"no_sidebar_content_centered","colormag_page_sidebar_layout":"no_sidebar","jetpack_post_was_ever_published":false,"footnotes":""},"class_list":["post-301","page","type-page","status-publish","hentry"],"jetpack_sharing_enabled":true,"_links":{"self":[{"href":"https:\/\/meaux-gymnastique.fr\/index.php\/wp-json\/wp\/v2\/pages\/301","targetHints":{"allow":["GET"]}}],"collection":[{"href":"https:\/\/meaux-gymnastique.fr\/index.php\/wp-json\/wp\/v2\/pages"}],"about":[{"href":"https:\/\/meaux-gymnastique.fr\/index.php\/wp-json\/wp\/v2\/types\/page"}],"author":[{"embeddable":true,"href":"https:\/\/meaux-gymnastique.fr\/index.php\/wp-json\/wp\/v2\/users\/1"}],"replies":[{"embeddable":true,"href":"https:\/\/meaux-gymnastique.fr\/index.php\/wp-json\/wp\/v2\/comments?post=301"}],"version-history":[{"count":18,"href":"https:\/\/meaux-gymnastique.fr\/index.php\/wp-json\/wp\/v2\/pages\/301\/revisions"}],"predecessor-version":[{"id":1523,"href":"https:\/\/meaux-gymnastique.fr\/index.php\/wp-json\/wp\/v2\/pages\/301\/revisions\/1523"}],"up":[{"embeddable":true,"href":"https:\/\/meaux-gymnastique.fr\/index.php\/wp-json\/wp\/v2\/pages\/283"}],"wp:attachment":[{"href":"https:\/\/meaux-gymnastique.fr\/index.php\/wp-json\/wp\/v2\/media?parent=301"}],"curies":[{"name":"wp","href":"https:\/\/api.w.org\/{rel}","templated":true}]}}