{"id":57,"date":"2019-10-08T18:46:31","date_gmt":"2019-10-08T16:46:31","guid":{"rendered":"http:\/\/meaux-gymnastique.fr\/?page_id=57"},"modified":"2019-12-16T11:03:20","modified_gmt":"2019-12-16T10:03:20","slug":"meaux-gymnastique","status":"publish","type":"page","link":"https:\/\/meaux-gymnastique.fr\/index.php\/le-club\/meaux-gymnastique\/","title":{"rendered":"Meaux Gymnastique"},"content":{"rendered":"<h6>Meaux Gymnastique est une association loi 1901, cr\u00e9\u00e9e en 1968 par une \u00e9quipe de passionn\u00e9s.<\/h6>\n<h6>Elle compte aujourd&rsquo;hui 716 adh\u00e9rents, tous licenci\u00e9s \u00e0 la F\u00e9d\u00e9ration Fran\u00e7aise de Gymnastique. L&rsquo;association rassemble des publics d&rsquo;\u00e2ges et de milieux ethniques et sociaux-culturels diff\u00e9rents, ce qui fait toute sa richesse.<\/h6>\n<a href=\"https:\/\/meaux-gymnastique.fr\/wp-content\/uploads\/2019\/12\/meaux-ag-2019-V1.pdf\" class=\"pdfemb-viewer\" style=\"\" data-width=\"max\" data-height=\"max\" data-toolbar=\"bottom\" data-toolbar-fixed=\"off\">meaux ag 2019 V1<\/a>\n","protected":false},"excerpt":{"rendered":"<p>Meaux Gymnastique est une association loi 1901, cr\u00e9\u00e9e en 1968 par une \u00e9quipe de passionn\u00e9s. Elle compte aujourd&rsquo;hui 716 adh\u00e9rents,<\/p>\n","protected":false},"author":1,"featured_media":0,"parent":44,"menu_order":0,"comment_status":"closed","ping_status":"closed","template":"","meta":{"colormag_page_container_layout":"no_sidebar_content_centered","colormag_page_sidebar_layout":"no_sidebar","jetpack_post_was_ever_published":false,"footnotes":""},"class_list":["post-57","page","type-page","status-publish","hentry"],"jetpack_sharing_enabled":true,"_links":{"self":[{"href":"https:\/\/meaux-gymnastique.fr\/index.php\/wp-json\/wp\/v2\/pages\/57","targetHints":{"allow":["GET"]}}],"collection":[{"href":"https:\/\/meaux-gymnastique.fr\/index.php\/wp-json\/wp\/v2\/pages"}],"about":[{"href":"https:\/\/meaux-gymnastique.fr\/index.php\/wp-json\/wp\/v2\/types\/page"}],"author":[{"embeddable":true,"href":"https:\/\/meaux-gymnastique.fr\/index.php\/wp-json\/wp\/v2\/users\/1"}],"replies":[{"embeddable":true,"href":"https:\/\/meaux-gymnastique.fr\/index.php\/wp-json\/wp\/v2\/comments?post=57"}],"version-history":[{"count":5,"href":"https:\/\/meaux-gymnastique.fr\/index.php\/wp-json\/wp\/v2\/pages\/57\/revisions"}],"predecessor-version":[{"id":924,"href":"https:\/\/meaux-gymnastique.fr\/index.php\/wp-json\/wp\/v2\/pages\/57\/revisions\/924"}],"up":[{"embeddable":true,"href":"https:\/\/meaux-gymnastique.fr\/index.php\/wp-json\/wp\/v2\/pages\/44"}],"wp:attachment":[{"href":"https:\/\/meaux-gymnastique.fr\/index.php\/wp-json\/wp\/v2\/media?parent=57"}],"curies":[{"name":"wp","href":"https:\/\/api.w.org\/{rel}","templated":true}]}}