{"id":613,"date":"2019-11-20T12:33:21","date_gmt":"2019-11-20T11:33:21","guid":{"rendered":"http:\/\/meaux-gymnastique.fr\/?page_id=613"},"modified":"2024-01-04T12:07:40","modified_gmt":"2024-01-04T11:07:40","slug":"documents-administratifs","status":"publish","type":"page","link":"https:\/\/meaux-gymnastique.fr\/index.php\/documents-administratifs\/","title":{"rendered":"Documents administratifs"},"content":{"rendered":"<div class=\"page\" title=\"Page 1\">\n<div class=\"layoutArea\">\n<div class=\"column\">\n<div class=\"page\" title=\"Page 1\">\n<div class=\"layoutArea\">\n<div class=\"column\">\n<div class=\"page\" title=\"Page 1\">\n<div class=\"layoutArea\">\n<h3><a href=\"https:\/\/meaux-gymnastique.fr\/wp-content\/uploads\/2024\/01\/2023-FFGYM-Centre-dEntrainement-TOP-12-GAF-MEAUX-GYMNASTIQUE.pdf\" target=\"_blank\" rel=\"noopener\">&#8211; FFGYM &#8211; Centre d&rsquo;Entrainement TOP12 GAF<\/a><\/h3>\n<div class=\"column\">\n<h3><a href=\"https:\/\/meaux-gymnastique.fr\/wp-content\/uploads\/2021\/05\/1.1.6-OR-Charte-EcoGym.pdf\" target=\"_blank\" rel=\"noopener\">&#8211; Charte EcoGym (octobre 2020)<\/a><\/h3>\n<h3><strong><a href=\"https:\/\/www.ffgym.fr\/download\/5c73c7a1faef160a098b4567\/Valeurs%20%26%20Chartes.pdf\" target=\"_blank\" rel=\"noopener noreferrer\">&#8211; <\/a><\/strong><span style=\"color: #0000ff;\"><a style=\"color: #0000ff;\" href=\"https:\/\/www.ffgym.fr\/download\/5c73c7a1faef160a098b4567\/Valeurs%20%26%20Chartes.pdf\" target=\"_blank\" rel=\"noopener noreferrer\">Valeurs et chartes de la F\u00e9d\u00e9ration Fran\u00e7aise de Gymnastique<\/a><\/span><\/h3>\n<h3><a href=\"https:\/\/meaux-gymnastique.fr\/wp-content\/uploads\/2021\/05\/1.1.7-AR-Chartes-dethique-et-de-deontologie.pdf\" target=\"_blank\" rel=\"noopener\">&#8211; Chartes d&rsquo;\u00e9thique et de d\u00e9ontologie (septembre 2017)<\/a><\/h3>\n<h3><a href=\"https:\/\/meaux-gymnastique.fr\/wp-content\/uploads\/2021\/05\/2016_12_12_reglement_interieur_petite_enfance.pdf\" target=\"_blank\" rel=\"noopener\">&#8211; <span style=\"color: #ff00ff;\">R\u00e8glement petite enfance (2016)<\/span><\/a><\/h3>\n<\/div>\n<\/div>\n<\/div>\n<h3><a href=\"https:\/\/meaux-gymnastique.fr\/wp-content\/uploads\/2021\/05\/2017_02_03_reglement_interieur_meaux_gym_approuve_par_assemblee_generale.pdf\" target=\"_blank\" rel=\"noopener\">&#8211; <span style=\"color: #339966;\">R\u00e8glement int\u00e9rieur Meaux Gym (f\u00e9vrier 2017)<\/span><\/a><\/h3>\n<h3><a href=\"https:\/\/meaux-gymnastique.fr\/wp-content\/uploads\/2021\/05\/Indicateurs-generaux-du-projet.pdf\" target=\"_blank\" rel=\"noopener\">&#8211; Indicateurs g\u00e9n\u00e9raux du projet<\/a><\/h3>\n<\/div>\n<\/div>\n<\/div>\n<\/div>\n<\/div>\n<\/div>\n<h3>&#8211; <span style=\"color: #ff0000;\"><a style=\"color: #ff0000;\" href=\"https:\/\/meaux-gymnastique.fr\/wp-content\/uploads\/2020\/11\/2020-11-10-Lettre-adherents-rbt-Meaux-GymnastiqueV2.pdf\" target=\"_blank\" rel=\"noopener noreferrer\">Communiqu\u00e9 du comit\u00e9 directeur du 7 novembre 2020<\/a><\/span><\/h3>\n<h3><a href=\"https:\/\/meaux-gymnastique.fr\/wp-content\/uploads\/2020\/06\/GAF-MEAUX-GYMNASTIQUE-Formateur-GAF.pdf\" target=\"_blank\" rel=\"noopener noreferrer\">&#8211; Club formateur GAF &#8211; FFGYM juin 2020<\/a><\/h3>\n<h3><a href=\"https:\/\/meaux-gymnastique.fr\/wp-content\/uploads\/2020\/06\/Comite-directeur-9-juin-2020.pdf\" target=\"_blank\" rel=\"noopener noreferrer\">&#8211; <span style=\"color: #ff0000;\">Communiqu\u00e9 du comit\u00e9 directeur du 9 juin 2020<\/span><\/a><\/h3>\n<h3><a href=\"http:\/\/meaux-gymnastique.fr\/wp-content\/uploads\/2019\/11\/2008_12_13_statuts_meauxgymnastique.pdf\" target=\"_blank\" rel=\"noopener noreferrer\">&#8211; <span style=\"color: #339966;\">Statuts du club Meaux Gymnastique<\/span><\/a><\/h3>\n<h3><\/h3>\n","protected":false},"excerpt":{"rendered":"<p>&#8211; FFGYM &#8211; Centre d&rsquo;Entrainement TOP12 GAF &#8211; Charte EcoGym (octobre 2020) &#8211; Valeurs et chartes de la F\u00e9d\u00e9ration Fran\u00e7aise<\/p>\n","protected":false},"author":1,"featured_media":0,"parent":0,"menu_order":0,"comment_status":"closed","ping_status":"closed","template":"","meta":{"colormag_page_container_layout":"no_sidebar_full_width","colormag_page_sidebar_layout":"no_sidebar","jetpack_post_was_ever_published":false,"footnotes":""},"class_list":["post-613","page","type-page","status-publish","hentry"],"jetpack_sharing_enabled":true,"_links":{"self":[{"href":"https:\/\/meaux-gymnastique.fr\/index.php\/wp-json\/wp\/v2\/pages\/613","targetHints":{"allow":["GET"]}}],"collection":[{"href":"https:\/\/meaux-gymnastique.fr\/index.php\/wp-json\/wp\/v2\/pages"}],"about":[{"href":"https:\/\/meaux-gymnastique.fr\/index.php\/wp-json\/wp\/v2\/types\/page"}],"author":[{"embeddable":true,"href":"https:\/\/meaux-gymnastique.fr\/index.php\/wp-json\/wp\/v2\/users\/1"}],"replies":[{"embeddable":true,"href":"https:\/\/meaux-gymnastique.fr\/index.php\/wp-json\/wp\/v2\/comments?post=613"}],"version-history":[{"count":30,"href":"https:\/\/meaux-gymnastique.fr\/index.php\/wp-json\/wp\/v2\/pages\/613\/revisions"}],"predecessor-version":[{"id":3286,"href":"https:\/\/meaux-gymnastique.fr\/index.php\/wp-json\/wp\/v2\/pages\/613\/revisions\/3286"}],"wp:attachment":[{"href":"https:\/\/meaux-gymnastique.fr\/index.php\/wp-json\/wp\/v2\/media?parent=613"}],"curies":[{"name":"wp","href":"https:\/\/api.w.org\/{rel}","templated":true}]}}