{"id":87,"date":"2019-10-08T19:28:04","date_gmt":"2019-10-08T17:28:04","guid":{"rendered":"http:\/\/meaux-gymnastique.fr\/?page_id=87"},"modified":"2021-11-17T10:58:33","modified_gmt":"2021-11-17T09:58:33","slug":"le-comite-directeur","status":"publish","type":"page","link":"https:\/\/meaux-gymnastique.fr\/index.php\/le-club\/le-comite-directeur\/","title":{"rendered":"Le Comit\u00e9 Directeur"},"content":{"rendered":"<h6>Pr\u00e9sid\u00e9 par M. Paul HAMELLE, cr\u00e9ateur du Club en 1968, se compose de 15 membres b\u00e9n\u00e9voles qui oeuvrent au bon fonctionnement de la structure, \u00e0 son d\u00e9veloppement et \u00e0 la promotion de la gymnastique.<\/h6>\n<div class=\"page\" title=\"Page 1\">\n<div class=\"layoutArea\">\n<div class=\"column\">\n<h6>Dans cette situation in\u00e9dite en raison de la Covid-19, et en application des dispositions del\u2019ordonnance n\u00b02020-1497 du 2 d\u00e9cembre 2020 qui adapte les r\u00e8gles de d\u00e9lib\u00e9ration des assembl\u00e9es g\u00e9n\u00e9rales ordinaires et \u00e9lectives, le Comit\u00e9 Directeur, dans sa r\u00e9union du 1er f\u00e9vrier 2021, a d\u00e9cid\u00e9 que notre assembl\u00e9e se d\u00e9roulera sous forme de consultation \u00e9crite.<\/h6>\n<h6><span style=\"color: inherit;\">Voici le nouveau Comit\u00e9 Directeur \u00e9lu pour quatre ann\u00e9es \u00e0 l&rsquo;issue de l&rsquo;Assembl\u00e9e G\u00e9n\u00e9rale du 11 au 26 F\u00e9vrier 2021.<\/span><\/h6>\n<\/div>\n<\/div>\n<\/div>\n<p><img fetchpriority=\"high\" decoding=\"async\" class=\"aligncenter wp-image-2203 size-large\" src=\"https:\/\/meaux-gymnastique.fr\/wp-content\/uploads\/2021\/07\/IMG_2896-1024x576.jpg\" alt=\"\" width=\"800\" height=\"450\" srcset=\"https:\/\/meaux-gymnastique.fr\/wp-content\/uploads\/2021\/07\/IMG_2896-1024x576.jpg 1024w, https:\/\/meaux-gymnastique.fr\/wp-content\/uploads\/2021\/07\/IMG_2896-300x169.jpg 300w, https:\/\/meaux-gymnastique.fr\/wp-content\/uploads\/2021\/07\/IMG_2896-768x432.jpg 768w, https:\/\/meaux-gymnastique.fr\/wp-content\/uploads\/2021\/07\/IMG_2896-1536x864.jpg 1536w, https:\/\/meaux-gymnastique.fr\/wp-content\/uploads\/2021\/07\/IMG_2896-2048x1152.jpg 2048w\" sizes=\"(max-width: 800px) 100vw, 800px\" \/><\/p>\n<h6>De gauche \u00e0 droite au 1er rang : Patrick BOISDRON &#8211; \u00a0Antoine LOUREIRO (Vice-Pr\u00e9sident) &#8211; La\u00ebtitia DOREY (Secr\u00e9taire) &#8211; Patrick ANDREANI &#8211; Fatiha TOUNAN &#8211; Alain BOYER &#8211; Carmen TUTIN (Tr\u00e9sori\u00e8re) &#8211; Paul HAMELLE ( Pr\u00e9sident)<br \/>\nDe gauche \u00e0 droite au 2\u00e8me rang:\u00a0 Jean-Louis BOSSON (Vice-Pr\u00e9sident)- Val\u00e9rie COUTURIER &#8211; \u00a0Herv\u00e9 RICARDO &#8211; Fran\u00e7oise FAUVEL &#8211; Gilbert FAUVEL &#8211; Marie-Christine BOISDRON &#8211; Arnaud TOUSSAINT.<\/h6>\n","protected":false},"excerpt":{"rendered":"<p>Pr\u00e9sid\u00e9 par M. Paul HAMELLE, cr\u00e9ateur du Club en 1968, se compose de 15 membres b\u00e9n\u00e9voles qui oeuvrent au bon<\/p>\n","protected":false},"author":1,"featured_media":0,"parent":44,"menu_order":0,"comment_status":"closed","ping_status":"closed","template":"","meta":{"colormag_page_container_layout":"no_sidebar_content_centered","colormag_page_sidebar_layout":"no_sidebar","jetpack_post_was_ever_published":false,"footnotes":""},"class_list":["post-87","page","type-page","status-publish","hentry"],"jetpack_sharing_enabled":true,"_links":{"self":[{"href":"https:\/\/meaux-gymnastique.fr\/index.php\/wp-json\/wp\/v2\/pages\/87","targetHints":{"allow":["GET"]}}],"collection":[{"href":"https:\/\/meaux-gymnastique.fr\/index.php\/wp-json\/wp\/v2\/pages"}],"about":[{"href":"https:\/\/meaux-gymnastique.fr\/index.php\/wp-json\/wp\/v2\/types\/page"}],"author":[{"embeddable":true,"href":"https:\/\/meaux-gymnastique.fr\/index.php\/wp-json\/wp\/v2\/users\/1"}],"replies":[{"embeddable":true,"href":"https:\/\/meaux-gymnastique.fr\/index.php\/wp-json\/wp\/v2\/comments?post=87"}],"version-history":[{"count":4,"href":"https:\/\/meaux-gymnastique.fr\/index.php\/wp-json\/wp\/v2\/pages\/87\/revisions"}],"predecessor-version":[{"id":2327,"href":"https:\/\/meaux-gymnastique.fr\/index.php\/wp-json\/wp\/v2\/pages\/87\/revisions\/2327"}],"up":[{"embeddable":true,"href":"https:\/\/meaux-gymnastique.fr\/index.php\/wp-json\/wp\/v2\/pages\/44"}],"wp:attachment":[{"href":"https:\/\/meaux-gymnastique.fr\/index.php\/wp-json\/wp\/v2\/media?parent=87"}],"curies":[{"name":"wp","href":"https:\/\/api.w.org\/{rel}","templated":true}]}}