{"id":907,"date":"2019-12-03T18:42:56","date_gmt":"2019-12-03T17:42:56","guid":{"rendered":"http:\/\/meaux-gymnastique.fr\/?page_id=907"},"modified":"2019-12-03T18:50:55","modified_gmt":"2019-12-03T17:50:55","slug":"2017-2018","status":"publish","type":"page","link":"https:\/\/meaux-gymnastique.fr\/index.php\/2017-2018\/","title":{"rendered":"2017-2018"},"content":{"rendered":"<blockquote>\n<h3>Gala et cinquantenaire du club &#8211; 30 juin 2018<\/h3>\n<\/blockquote>\n<p>[foogallery id=\u00a0\u00bb906&Prime;]<\/p>\n<blockquote>\n<h3>Le P\u00e8re No\u00ebl est pass\u00e9 ce samedi 23 d\u00e9cembre 2017 au Gymnase du Pierris et quelques photos ont \u00e9t\u00e9 prises lors des s\u00e9ances de 10h45 et 11h30. Le P\u00e8re No\u00ebl a apport\u00e9 des papillotes, puis a suivi avec int\u00e9r\u00eat les activit\u00e9s des Babys Eveil. &nbsp;&nbsp;&nbsp;&nbsp;&nbsp;<\/h3>\n<\/blockquote>\n\n\n<div class=\"wp-block-image\"><figure class=\"aligncenter size-medium\"><img fetchpriority=\"high\" decoding=\"async\" width=\"208\" height=\"300\" src=\"http:\/\/meaux-gymnastique.fr\/wp-content\/uploads\/2019\/12\/2017_12_23_le_pere_noel-208x300.jpg\" alt=\"\" class=\"wp-image-884\" srcset=\"https:\/\/meaux-gymnastique.fr\/wp-content\/uploads\/2019\/12\/2017_12_23_le_pere_noel-208x300.jpg 208w, https:\/\/meaux-gymnastique.fr\/wp-content\/uploads\/2019\/12\/2017_12_23_le_pere_noel-712x1024.jpg 712w, https:\/\/meaux-gymnastique.fr\/wp-content\/uploads\/2019\/12\/2017_12_23_le_pere_noel-768x1105.jpg 768w, https:\/\/meaux-gymnastique.fr\/wp-content\/uploads\/2019\/12\/2017_12_23_le_pere_noel-1067x1536.jpg 1067w, https:\/\/meaux-gymnastique.fr\/wp-content\/uploads\/2019\/12\/2017_12_23_le_pere_noel-1423x2048.jpg 1423w, https:\/\/meaux-gymnastique.fr\/wp-content\/uploads\/2019\/12\/2017_12_23_le_pere_noel-scaled.jpg 1779w\" sizes=\"(max-width: 208px) 100vw, 208px\" \/><\/figure><\/div>\n\n\n<h4 style=\"text-align: center;\">S\u00e9ance des babys de 10h45<\/h4>\n<p><a href=\"https:\/\/photos.google.com\/share\/AF1QipMlP8RyzM5ch6ye8eeY5b1_mfaPzn56DObJnBvB_O163ACDvHPHPXhGq4ytFjCV0w?key=YnhtMVNLNkpCeE4wUUJJUVlMbW4zMTNTVEl4MXV3\" rel=\"attachment wp-att-224\"><img decoding=\"async\" class=\"aligncenter size-thumbnail wp-image-224\" src=\"http:\/\/meaux-gymnastique.fr\/wp-content\/uploads\/Ic\u00f4nes\/Cliquer-ici-vert-150x150.jpg\" alt=\"\" width=\"150\" height=\"150\" srcset=\"https:\/\/meaux-gymnastique.fr\/wp-content\/uploads\/Ic\u00f4nes\/Cliquer-ici-vert-150x150.jpg 150w, https:\/\/meaux-gymnastique.fr\/wp-content\/uploads\/Ic\u00f4nes\/Cliquer-ici-vert.jpg 224w\" sizes=\"(max-width: 150px) 100vw, 150px\" \/><\/a><\/p>\n<h4 style=\"text-align: center;\">S\u00e9ance des Babys de 11h30<\/h4>\n<p><a href=\"https:\/\/photos.google.com\/share\/AF1QipP0RnrWSCs9xpIJfoEDZsradaS3sN6HsKXj-I6O-rJfTRJicUgB_mCG7HJ37llP5Q?key=eC1RMjI5Q3FtVG54U2dHTkdmMHNRSTRsemdWY1FB\" rel=\"attachment wp-att-224\"><img decoding=\"async\" class=\"aligncenter size-thumbnail wp-image-224\" src=\"http:\/\/meaux-gymnastique.fr\/wp-content\/uploads\/Ic\u00f4nes\/Cliquer-ici-vert-150x150.jpg\" alt=\"\" width=\"150\" height=\"150\" srcset=\"https:\/\/meaux-gymnastique.fr\/wp-content\/uploads\/Ic\u00f4nes\/Cliquer-ici-vert-150x150.jpg 150w, https:\/\/meaux-gymnastique.fr\/wp-content\/uploads\/Ic\u00f4nes\/Cliquer-ici-vert.jpg 224w\" sizes=\"(max-width: 150px) 100vw, 150px\" \/><\/a><\/p>","protected":false},"excerpt":{"rendered":"<p>Gala et cinquantenaire du club &#8211; 30 juin 2018 [foogallery id=\u00a0\u00bb906&Prime;] Le P\u00e8re No\u00ebl est pass\u00e9 ce samedi 23 d\u00e9cembre<\/p>\n","protected":false},"author":1,"featured_media":0,"parent":0,"menu_order":0,"comment_status":"closed","ping_status":"closed","template":"","meta":{"colormag_page_container_layout":"no_sidebar_full_width","colormag_page_sidebar_layout":"no_sidebar","jetpack_post_was_ever_published":false,"footnotes":""},"class_list":["post-907","page","type-page","status-publish","hentry"],"jetpack_sharing_enabled":true,"_links":{"self":[{"href":"https:\/\/meaux-gymnastique.fr\/index.php\/wp-json\/wp\/v2\/pages\/907","targetHints":{"allow":["GET"]}}],"collection":[{"href":"https:\/\/meaux-gymnastique.fr\/index.php\/wp-json\/wp\/v2\/pages"}],"about":[{"href":"https:\/\/meaux-gymnastique.fr\/index.php\/wp-json\/wp\/v2\/types\/page"}],"author":[{"embeddable":true,"href":"https:\/\/meaux-gymnastique.fr\/index.php\/wp-json\/wp\/v2\/users\/1"}],"replies":[{"embeddable":true,"href":"https:\/\/meaux-gymnastique.fr\/index.php\/wp-json\/wp\/v2\/comments?post=907"}],"version-history":[{"count":7,"href":"https:\/\/meaux-gymnastique.fr\/index.php\/wp-json\/wp\/v2\/pages\/907\/revisions"}],"predecessor-version":[{"id":916,"href":"https:\/\/meaux-gymnastique.fr\/index.php\/wp-json\/wp\/v2\/pages\/907\/revisions\/916"}],"wp:attachment":[{"href":"https:\/\/meaux-gymnastique.fr\/index.php\/wp-json\/wp\/v2\/media?parent=907"}],"curies":[{"name":"wp","href":"https:\/\/api.w.org\/{rel}","templated":true}]}}