{"id":985,"date":"2019-12-29T11:29:28","date_gmt":"2019-12-29T10:29:28","guid":{"rendered":"http:\/\/meaux-gymnastique.fr\/?page_id=985"},"modified":"2019-12-29T12:01:13","modified_gmt":"2019-12-29T11:01:13","slug":"photos-2016-2017","status":"publish","type":"page","link":"https:\/\/meaux-gymnastique.fr\/index.php\/photos-2016-2017\/","title":{"rendered":"2016 &#8211; 2017"},"content":{"rendered":"\n<p><strong>Championnat D\u00e9partemental par \u00e9quipe &#8211; 28 et 29 janvier 2017 \u00e0 Bussy Saint Georges<\/strong><\/p>\n\n\n\n<div class=\"wp-block-jetpack-slideshow aligncenter\" data-effect=\"slide\"><div class=\"wp-block-jetpack-slideshow_container swiper-container\"><ul class=\"wp-block-jetpack-slideshow_swiper-wrapper swiper-wrapper\"><li class=\"wp-block-jetpack-slideshow_slide swiper-slide\"><figure><img fetchpriority=\"high\" decoding=\"async\" width=\"480\" height=\"360\" alt=\"\" class=\"wp-block-jetpack-slideshow_image wp-image-983\" data-id=\"983\" src=\"http:\/\/meaux-gymnastique.fr\/wp-content\/uploads\/2019\/12\/2017_01_28_et_29_departementale_equipe_bussy.jpg\" srcset=\"https:\/\/meaux-gymnastique.fr\/wp-content\/uploads\/2019\/12\/2017_01_28_et_29_departementale_equipe_bussy.jpg 480w, https:\/\/meaux-gymnastique.fr\/wp-content\/uploads\/2019\/12\/2017_01_28_et_29_departementale_equipe_bussy-300x225.jpg 300w\" sizes=\"(max-width: 480px) 100vw, 480px\" \/><figcaption class=\"wp-block-jetpack-slideshow_caption gallery-caption\">dav<\/figcaption><\/figure><\/li><li class=\"wp-block-jetpack-slideshow_slide swiper-slide\"><figure><img decoding=\"async\" width=\"480\" height=\"360\" alt=\"\" class=\"wp-block-jetpack-slideshow_image wp-image-984\" data-id=\"984\" src=\"http:\/\/meaux-gymnastique.fr\/wp-content\/uploads\/2019\/12\/2017_01_29_departementale_equipe_bussy.jpg\" srcset=\"https:\/\/meaux-gymnastique.fr\/wp-content\/uploads\/2019\/12\/2017_01_29_departementale_equipe_bussy.jpg 480w, https:\/\/meaux-gymnastique.fr\/wp-content\/uploads\/2019\/12\/2017_01_29_departementale_equipe_bussy-300x225.jpg 300w\" sizes=\"(max-width: 480px) 100vw, 480px\" \/><\/figure><\/li><\/ul><a class=\"wp-block-jetpack-slideshow_button-prev swiper-button-prev swiper-button-white\" role=\"button\"><\/a><a class=\"wp-block-jetpack-slideshow_button-next swiper-button-next swiper-button-white\" role=\"button\"><\/a><a aria-label=\"Pause Slideshow\" class=\"wp-block-jetpack-slideshow_button-pause\" role=\"button\"><\/a><div class=\"wp-block-jetpack-slideshow_pagination swiper-pagination swiper-pagination-white\"><\/div><\/div><\/div>\n\n\n<p>Rencontre de gymnastique le 21 janvier 2017 \u00e0 Meaux au Gymnase CONDORCET (93 poussines)<\/p>\n\n\n<div class=\"wp-block-jetpack-slideshow aligncenter\" data-effect=\"slide\"><div class=\"wp-block-jetpack-slideshow_container swiper-container\"><ul class=\"wp-block-jetpack-slideshow_swiper-wrapper swiper-wrapper\"><li class=\"wp-block-jetpack-slideshow_slide swiper-slide\"><figure><img decoding=\"async\" width=\"480\" height=\"270\" alt=\"\" class=\"wp-block-jetpack-slideshow_image wp-image-980\" data-id=\"980\" src=\"http:\/\/meaux-gymnastique.fr\/wp-content\/uploads\/2019\/12\/2017_01_21_poussines_24.jpg\" srcset=\"https:\/\/meaux-gymnastique.fr\/wp-content\/uploads\/2019\/12\/2017_01_21_poussines_24.jpg 480w, https:\/\/meaux-gymnastique.fr\/wp-content\/uploads\/2019\/12\/2017_01_21_poussines_24-300x169.jpg 300w\" sizes=\"(max-width: 480px) 100vw, 480px\" \/><\/figure><\/li><li class=\"wp-block-jetpack-slideshow_slide swiper-slide\"><figure><img loading=\"lazy\" decoding=\"async\" width=\"480\" height=\"270\" alt=\"\" class=\"wp-block-jetpack-slideshow_image wp-image-981\" data-id=\"981\" src=\"http:\/\/meaux-gymnastique.fr\/wp-content\/uploads\/2019\/12\/2017_01_21_poussines_27.jpg\" srcset=\"https:\/\/meaux-gymnastique.fr\/wp-content\/uploads\/2019\/12\/2017_01_21_poussines_27.jpg 480w, https:\/\/meaux-gymnastique.fr\/wp-content\/uploads\/2019\/12\/2017_01_21_poussines_27-300x169.jpg 300w\" sizes=\"(max-width: 480px) 100vw, 480px\" \/><\/figure><\/li><li class=\"wp-block-jetpack-slideshow_slide swiper-slide\"><figure><img loading=\"lazy\" decoding=\"async\" width=\"480\" height=\"270\" alt=\"\" class=\"wp-block-jetpack-slideshow_image wp-image-982\" data-id=\"982\" src=\"http:\/\/meaux-gymnastique.fr\/wp-content\/uploads\/2019\/12\/2017_01_21_poussines_42.jpg\" srcset=\"https:\/\/meaux-gymnastique.fr\/wp-content\/uploads\/2019\/12\/2017_01_21_poussines_42.jpg 480w, https:\/\/meaux-gymnastique.fr\/wp-content\/uploads\/2019\/12\/2017_01_21_poussines_42-300x169.jpg 300w\" sizes=\"(max-width: 480px) 100vw, 480px\" \/><\/figure><\/li><\/ul><a class=\"wp-block-jetpack-slideshow_button-prev swiper-button-prev swiper-button-white\" role=\"button\"><\/a><a class=\"wp-block-jetpack-slideshow_button-next swiper-button-next swiper-button-white\" role=\"button\"><\/a><a aria-label=\"Pause Slideshow\" class=\"wp-block-jetpack-slideshow_button-pause\" role=\"button\"><\/a><div class=\"wp-block-jetpack-slideshow_pagination swiper-pagination swiper-pagination-white\"><\/div><\/div><\/div>\n\n\n<p>Championnat D\u00e9partemental Individuel 10 et 11 d\u00e9cembre 2016 \u00e0 Combs la Ville<\/p>\n\n\n<div class=\"wp-block-jetpack-slideshow aligncenter\" data-effect=\"slide\"><div class=\"wp-block-jetpack-slideshow_container swiper-container\"><ul class=\"wp-block-jetpack-slideshow_swiper-wrapper swiper-wrapper\"><li class=\"wp-block-jetpack-slideshow_slide swiper-slide\"><figure><img loading=\"lazy\" decoding=\"async\" width=\"480\" height=\"360\" alt=\"\" class=\"wp-block-jetpack-slideshow_image wp-image-975\" data-id=\"975\" src=\"http:\/\/meaux-gymnastique.fr\/wp-content\/uploads\/2019\/12\/2016_12_11_champ_dep_ind_combs_6.jpg\" srcset=\"https:\/\/meaux-gymnastique.fr\/wp-content\/uploads\/2019\/12\/2016_12_11_champ_dep_ind_combs_6.jpg 480w, https:\/\/meaux-gymnastique.fr\/wp-content\/uploads\/2019\/12\/2016_12_11_champ_dep_ind_combs_6-300x225.jpg 300w\" sizes=\"(max-width: 480px) 100vw, 480px\" \/><\/figure><\/li><li class=\"wp-block-jetpack-slideshow_slide swiper-slide\"><figure><img loading=\"lazy\" decoding=\"async\" width=\"480\" height=\"360\" alt=\"\" class=\"wp-block-jetpack-slideshow_image wp-image-972\" data-id=\"972\" src=\"http:\/\/meaux-gymnastique.fr\/wp-content\/uploads\/2019\/12\/2016_12_11_champ_dep_ind_combs_3.jpg\" srcset=\"https:\/\/meaux-gymnastique.fr\/wp-content\/uploads\/2019\/12\/2016_12_11_champ_dep_ind_combs_3.jpg 480w, https:\/\/meaux-gymnastique.fr\/wp-content\/uploads\/2019\/12\/2016_12_11_champ_dep_ind_combs_3-300x225.jpg 300w\" sizes=\"(max-width: 480px) 100vw, 480px\" \/><\/figure><\/li><li class=\"wp-block-jetpack-slideshow_slide swiper-slide\"><figure><img loading=\"lazy\" decoding=\"async\" width=\"480\" height=\"360\" alt=\"\" class=\"wp-block-jetpack-slideshow_image wp-image-974\" data-id=\"974\" src=\"http:\/\/meaux-gymnastique.fr\/wp-content\/uploads\/2019\/12\/2016_12_11_champ_dep_ind_combs_5.jpg\" srcset=\"https:\/\/meaux-gymnastique.fr\/wp-content\/uploads\/2019\/12\/2016_12_11_champ_dep_ind_combs_5.jpg 480w, https:\/\/meaux-gymnastique.fr\/wp-content\/uploads\/2019\/12\/2016_12_11_champ_dep_ind_combs_5-300x225.jpg 300w\" sizes=\"(max-width: 480px) 100vw, 480px\" \/><\/figure><\/li><li class=\"wp-block-jetpack-slideshow_slide swiper-slide\"><figure><img loading=\"lazy\" decoding=\"async\" width=\"360\" height=\"480\" alt=\"\" class=\"wp-block-jetpack-slideshow_image wp-image-971\" data-id=\"971\" src=\"http:\/\/meaux-gymnastique.fr\/wp-content\/uploads\/2019\/12\/2016_12_11_champ_dep_ind_combs_2.jpg\" srcset=\"https:\/\/meaux-gymnastique.fr\/wp-content\/uploads\/2019\/12\/2016_12_11_champ_dep_ind_combs_2.jpg 360w, https:\/\/meaux-gymnastique.fr\/wp-content\/uploads\/2019\/12\/2016_12_11_champ_dep_ind_combs_2-225x300.jpg 225w\" sizes=\"(max-width: 360px) 100vw, 360px\" \/><\/figure><\/li><li class=\"wp-block-jetpack-slideshow_slide swiper-slide\"><figure><img loading=\"lazy\" decoding=\"async\" width=\"480\" height=\"360\" alt=\"\" class=\"wp-block-jetpack-slideshow_image wp-image-973\" data-id=\"973\" src=\"http:\/\/meaux-gymnastique.fr\/wp-content\/uploads\/2019\/12\/2016_12_11_champ_dep_ind_combs_4.jpg\" srcset=\"https:\/\/meaux-gymnastique.fr\/wp-content\/uploads\/2019\/12\/2016_12_11_champ_dep_ind_combs_4.jpg 480w, https:\/\/meaux-gymnastique.fr\/wp-content\/uploads\/2019\/12\/2016_12_11_champ_dep_ind_combs_4-300x225.jpg 300w\" sizes=\"(max-width: 480px) 100vw, 480px\" \/><\/figure><\/li><li class=\"wp-block-jetpack-slideshow_slide swiper-slide\"><figure><img loading=\"lazy\" decoding=\"async\" width=\"480\" height=\"360\" alt=\"\" class=\"wp-block-jetpack-slideshow_image wp-image-970\" data-id=\"970\" src=\"http:\/\/meaux-gymnastique.fr\/wp-content\/uploads\/2019\/12\/2016_12_11_champ_dep_ind_combs_1.jpg\" srcset=\"https:\/\/meaux-gymnastique.fr\/wp-content\/uploads\/2019\/12\/2016_12_11_champ_dep_ind_combs_1.jpg 480w, https:\/\/meaux-gymnastique.fr\/wp-content\/uploads\/2019\/12\/2016_12_11_champ_dep_ind_combs_1-300x225.jpg 300w\" sizes=\"(max-width: 480px) 100vw, 480px\" \/><\/figure><\/li><li class=\"wp-block-jetpack-slideshow_slide swiper-slide\"><figure><img loading=\"lazy\" decoding=\"async\" width=\"480\" height=\"360\" alt=\"\" class=\"wp-block-jetpack-slideshow_image wp-image-976\" data-id=\"976\" src=\"http:\/\/meaux-gymnastique.fr\/wp-content\/uploads\/2019\/12\/2016_12_11_champ_dep_ind_combs_7.jpg\" srcset=\"https:\/\/meaux-gymnastique.fr\/wp-content\/uploads\/2019\/12\/2016_12_11_champ_dep_ind_combs_7.jpg 480w, https:\/\/meaux-gymnastique.fr\/wp-content\/uploads\/2019\/12\/2016_12_11_champ_dep_ind_combs_7-300x225.jpg 300w\" sizes=\"(max-width: 480px) 100vw, 480px\" \/><\/figure><\/li><li class=\"wp-block-jetpack-slideshow_slide swiper-slide\"><figure><img loading=\"lazy\" decoding=\"async\" width=\"480\" height=\"320\" alt=\"\" class=\"wp-block-jetpack-slideshow_image wp-image-977\" data-id=\"977\" src=\"http:\/\/meaux-gymnastique.fr\/wp-content\/uploads\/2019\/12\/2016_12_11_champ_dep_ind_combs_8.jpg\" srcset=\"https:\/\/meaux-gymnastique.fr\/wp-content\/uploads\/2019\/12\/2016_12_11_champ_dep_ind_combs_8.jpg 480w, https:\/\/meaux-gymnastique.fr\/wp-content\/uploads\/2019\/12\/2016_12_11_champ_dep_ind_combs_8-300x200.jpg 300w\" sizes=\"(max-width: 480px) 100vw, 480px\" \/><\/figure><\/li><li class=\"wp-block-jetpack-slideshow_slide swiper-slide\"><figure><img loading=\"lazy\" decoding=\"async\" width=\"480\" height=\"360\" alt=\"\" class=\"wp-block-jetpack-slideshow_image wp-image-978\" data-id=\"978\" src=\"http:\/\/meaux-gymnastique.fr\/wp-content\/uploads\/2019\/12\/2016_12_11_champ_dep_ind_combs_9.jpg\" srcset=\"https:\/\/meaux-gymnastique.fr\/wp-content\/uploads\/2019\/12\/2016_12_11_champ_dep_ind_combs_9.jpg 480w, https:\/\/meaux-gymnastique.fr\/wp-content\/uploads\/2019\/12\/2016_12_11_champ_dep_ind_combs_9-300x225.jpg 300w\" sizes=\"(max-width: 480px) 100vw, 480px\" \/><\/figure><\/li><\/ul><a class=\"wp-block-jetpack-slideshow_button-prev swiper-button-prev swiper-button-white\" role=\"button\"><\/a><a class=\"wp-block-jetpack-slideshow_button-next swiper-button-next swiper-button-white\" role=\"button\"><\/a><a aria-label=\"Pause Slideshow\" class=\"wp-block-jetpack-slideshow_button-pause\" role=\"button\"><\/a><div class=\"wp-block-jetpack-slideshow_pagination swiper-pagination swiper-pagination-white\"><\/div><\/div><\/div>\n\n\n<p>Le P\u00e8re No\u00ebl est pass\u00e9 \u00e0 la Babygym<\/p>\n<p>\u00a0<\/p>\n<p><a href=\"http:\/\/meaux-gymnastique.fr\/2016_12_noel_babygym_pascale\/\"><img loading=\"lazy\" decoding=\"async\" class=\"aligncenter size-thumbnail wp-image-979\" src=\"http:\/\/meaux-gymnastique.fr\/wp-content\/uploads\/2019\/12\/2016_12_noel_babygym_pascale-150x150.jpg\" alt=\"\" width=\"150\" height=\"150\" \/><\/a><\/p>\n<p>Pour voir les photos\u00a0<\/p>\n<p><a href=\"https:\/\/photos.google.com\/share\/AF1QipNBHWkky3SsCpIAKEPMLprxClqCUMjpwxWWJdibeRV2fY4v6ZQCMwlEYWSAn2HnJg?key=Ml96ejhTazd2aWMxTDR2T0ltdFlKVHZhR0JPckNn\" rel=\"attachment wp-att-999\"><img loading=\"lazy\" decoding=\"async\" class=\"aligncenter size-thumbnail wp-image-999\" src=\"http:\/\/meaux-gymnastique.fr\/wp-content\/uploads\/Ic\u00f4nes\/34204902-cliquez-sur-l-ic\u00f4ne-ici-plat-touche-no\u00ebl-150x150.jpg\" alt=\"\" width=\"150\" height=\"150\" srcset=\"https:\/\/meaux-gymnastique.fr\/wp-content\/uploads\/Ic\u00f4nes\/34204902-cliquez-sur-l-ic\u00f4ne-ici-plat-touche-no\u00ebl-150x150.jpg 150w, https:\/\/meaux-gymnastique.fr\/wp-content\/uploads\/Ic\u00f4nes\/34204902-cliquez-sur-l-ic\u00f4ne-ici-plat-touche-no\u00ebl-300x300.jpg 300w, https:\/\/meaux-gymnastique.fr\/wp-content\/uploads\/Ic\u00f4nes\/34204902-cliquez-sur-l-ic\u00f4ne-ici-plat-touche-no\u00ebl-1024x1024.jpg 1024w, https:\/\/meaux-gymnastique.fr\/wp-content\/uploads\/Ic\u00f4nes\/34204902-cliquez-sur-l-ic\u00f4ne-ici-plat-touche-no\u00ebl-768x768.jpg 768w, https:\/\/meaux-gymnastique.fr\/wp-content\/uploads\/Ic\u00f4nes\/34204902-cliquez-sur-l-ic\u00f4ne-ici-plat-touche-no\u00ebl.jpg 1300w\" sizes=\"(max-width: 150px) 100vw, 150px\" \/><\/a><\/p>","protected":false},"excerpt":{"rendered":"<p>Championnat D\u00e9partemental par \u00e9quipe &#8211; 28 et 29 janvier 2017 \u00e0 Bussy Saint Georges Rencontre de gymnastique le 21 janvier<\/p>\n","protected":false},"author":1,"featured_media":0,"parent":0,"menu_order":0,"comment_status":"closed","ping_status":"closed","template":"","meta":{"colormag_page_container_layout":"no_sidebar_full_width","colormag_page_sidebar_layout":"no_sidebar","jetpack_post_was_ever_published":false,"footnotes":""},"class_list":["post-985","page","type-page","status-publish","hentry"],"jetpack_sharing_enabled":true,"_links":{"self":[{"href":"https:\/\/meaux-gymnastique.fr\/index.php\/wp-json\/wp\/v2\/pages\/985","targetHints":{"allow":["GET"]}}],"collection":[{"href":"https:\/\/meaux-gymnastique.fr\/index.php\/wp-json\/wp\/v2\/pages"}],"about":[{"href":"https:\/\/meaux-gymnastique.fr\/index.php\/wp-json\/wp\/v2\/types\/page"}],"author":[{"embeddable":true,"href":"https:\/\/meaux-gymnastique.fr\/index.php\/wp-json\/wp\/v2\/users\/1"}],"replies":[{"embeddable":true,"href":"https:\/\/meaux-gymnastique.fr\/index.php\/wp-json\/wp\/v2\/comments?post=985"}],"version-history":[{"count":14,"href":"https:\/\/meaux-gymnastique.fr\/index.php\/wp-json\/wp\/v2\/pages\/985\/revisions"}],"predecessor-version":[{"id":1195,"href":"https:\/\/meaux-gymnastique.fr\/index.php\/wp-json\/wp\/v2\/pages\/985\/revisions\/1195"}],"wp:attachment":[{"href":"https:\/\/meaux-gymnastique.fr\/index.php\/wp-json\/wp\/v2\/media?parent=985"}],"curies":[{"name":"wp","href":"https:\/\/api.w.org\/{rel}","templated":true}]}}